{"id":3883,"date":"2023-08-21T20:56:28","date_gmt":"2023-08-22T00:56:28","guid":{"rendered":"https:\/\/galenvs.com\/guides-et-protocoles\/"},"modified":"2025-03-18T11:53:52","modified_gmt":"2025-03-18T15:53:52","slug":"guides-et-protocoles","status":"publish","type":"page","link":"https:\/\/galenvs.com\/fr\/guides-et-protocoles\/","title":{"rendered":"Guides et Protocoles"},"content":{"rendered":"\n<div class=\"wp-block-cover alignfull wp-duotone-unset-1\"><span aria-hidden=\"true\" class=\"wp-block-cover__background has-background-dim\"><\/span><img loading=\"lazy\" decoding=\"async\" width=\"1200\" height=\"316\" src=\"https:\/\/galenvs.com\/wp-content\/uploads\/2023\/09\/guides-and-protocols-1200x316.png\" class=\"wp-block-cover__image-background wp-post-image\" alt=\"\" data-object-fit=\"cover\" srcset=\"https:\/\/galenvs.com\/wp-content\/uploads\/2023\/09\/guides-and-protocols-1200x316.png 1200w, https:\/\/galenvs.com\/wp-content\/uploads\/2023\/09\/guides-and-protocols-300x79.png 300w, https:\/\/galenvs.com\/wp-content\/uploads\/2023\/09\/guides-and-protocols-1024x269.png 1024w, https:\/\/galenvs.com\/wp-content\/uploads\/2023\/09\/guides-and-protocols-768x202.png 768w, https:\/\/galenvs.com\/wp-content\/uploads\/2023\/09\/guides-and-protocols-1536x404.png 1536w, https:\/\/galenvs.com\/wp-content\/uploads\/2023\/09\/guides-and-protocols.png 1900w\" sizes=\"auto, (max-width: 1200px) 100vw, 1200px\" \/><div class=\"wp-block-cover__inner-container has-global-padding is-layout-constrained wp-block-cover-is-layout-constrained\">\n<h1 class=\"wp-block-heading has-text-align-center\" style=\"letter-spacing:1px\">Guides et Protocoles<\/h1>\n<\/div><\/div>\n\n<div class=\"wp-block-group alignfull has-background-background-color has-background has-global-padding is-layout-constrained wp-block-group-is-layout-constrained\">\n<div class=\"wp-block-columns alignwide pdf-section is-layout-flex wp-container-core-columns-is-layout-a5331a9e wp-block-columns-is-layout-flex\" style=\"padding-top:0;padding-right:0;padding-bottom:0;padding-left:0\">\n<div class=\"wp-block-column has-background is-layout-flow wp-block-column-is-layout-flow\" style=\"background-color:#f3f6f9;padding-top:var(--wp--preset--spacing--x-small);padding-right:var(--wp--preset--spacing--x-small);padding-bottom:var(--wp--preset--spacing--x-small);padding-left:var(--wp--preset--spacing--x-small)\">\n<h5 class=\"wp-block-heading\">Kit d&rsquo;Extraction d&rsquo;ADN \u00e0 partir du Sang et des Cellules<\/h5>\n\n\n\n<p><a href=\"https:\/\/galenvs.com\/wp-content\/uploads\/2023\/08\/QSG-BC-v1.1-2023-07-27.pdf\" target=\"_blank\" rel=\"noreferrer noopener\">[Manual] Guide de D\u00e9marrage Rapide : Kit d&rsquo;Extraction d&rsquo;ADN \u00e0 partir du Sang et des Cellules (BC0100 and BC0250)<\/a><\/p>\n\n\n\n<p><a href=\"https:\/\/galenvs.com\/wp-content\/uploads\/2024\/02\/BC0016-QSG-v1.2-2024-01-18.pdf\" target=\"_blank\" rel=\"noreferrer noopener\">[Automated 16 Samples] Guide de D\u00e9marrage Rapide : Kit d&rsquo;Extraction d&rsquo;ADN \u00e0 partir du Sang et des Cellules (BC0016)<\/a><\/p>\n<\/div>\n\n\n\n<div class=\"wp-block-column has-background is-layout-flow wp-block-column-is-layout-flow\" style=\"background-color:#f3f6f9;padding-top:var(--wp--preset--spacing--x-small);padding-right:var(--wp--preset--spacing--x-small);padding-bottom:var(--wp--preset--spacing--x-small);padding-left:var(--wp--preset--spacing--x-small)\">\n<h5 class=\"wp-block-heading\">Extraction de l&rsquo;ADN libre circulant (cfDNA)<\/h5>\n\n\n\n<p><a href=\"https:\/\/galenvs.com\/wp-content\/uploads\/2024\/12\/CF0016-QSG-v1.8-2024-10-18.pdf\" target=\"_blank\" rel=\"noreferrer noopener\">[Automated 16 samples] Guide de D\u00e9marrage Rapide: cfDNA Extraction Kit (CF0016)<\/a><\/p>\n<\/div>\n<\/div>\n\n\n\n<div class=\"wp-block-columns alignwide pdf-section is-layout-flex wp-container-core-columns-is-layout-28f84493 wp-block-columns-is-layout-flex\">\n<div class=\"wp-block-column has-background is-layout-flow wp-block-column-is-layout-flow\" style=\"background-color:#f3f6f9;padding-top:var(--wp--preset--spacing--x-small);padding-right:var(--wp--preset--spacing--x-small);padding-bottom:var(--wp--preset--spacing--x-small);padding-left:var(--wp--preset--spacing--x-small)\">\n<h5 class=\"wp-block-heading\">Kit d&rsquo;Extraction d&rsquo;ADN \u00e0 partir des Plantes<\/h5>\n\n\n\n<p><a rel=\"noreferrer noopener\" href=\"https:\/\/galenvs.com\/wp-content\/uploads\/2023\/10\/qsgPlantDNA-1.7-20230213.pdf\" target=\"_blank\">[Manual] Guide de D\u00e9marrage Rapide: Kit d&rsquo;Extraction d&rsquo;ADN \u00e0 partir des Plantes(PD0050)<\/a><\/p>\n\n\n\n<p><a href=\"https:\/\/galenvs.com\/wp-content\/uploads\/2024\/02\/PD0016-QSG-v1.4-2023-11-29.pdf\" target=\"_blank\" rel=\"noreferrer noopener\">[Automated 16 Samples] Guide de D\u00e9marrage Rapide: Kit d&rsquo;Extraction d&rsquo;ADN \u00e0 partir des Plantes (PD0016)<\/a><\/p>\n<\/div>\n\n\n\n<div class=\"wp-block-column has-background is-layout-flow wp-block-column-is-layout-flow\" style=\"background-color:#f3f6f9;padding-top:var(--wp--preset--spacing--x-small);padding-right:var(--wp--preset--spacing--x-small);padding-bottom:var(--wp--preset--spacing--x-small);padding-left:var(--wp--preset--spacing--x-small)\">\n<h5 class=\"wp-block-heading\">Kit d&rsquo;Extraction d&rsquo;ARN \u00e0 partir des Plantes<\/h5>\n\n\n\n<p><a href=\"https:\/\/galenvs.com\/wp-content\/uploads\/2024\/02\/PR0050-QSG-1.7-2023-10-27.pdf\" target=\"_blank\" rel=\"noreferrer noopener\">[Manual] Guide de D\u00e9marrage Rapide: Kit d&rsquo;Extraction d&rsquo;ARN \u00e0 partir des Plantes (PR0050)<\/a><\/p>\n\n\n\n<p><a href=\"https:\/\/galenvs.com\/wp-content\/uploads\/2024\/02\/PR0016-QSG-v1.3-2023-11-29.pdf\" target=\"_blank\" rel=\"noreferrer noopener\">[Automated 16 samples] Guide de D\u00e9marrage Rapide: Kit d&rsquo;Extraction d&rsquo;ARN \u00e0 partir des Plantes (PR0016)<\/a><\/p>\n<\/div>\n<\/div>\n\n\n\n<div class=\"wp-block-columns alignwide pdf-section is-layout-flex wp-container-core-columns-is-layout-28f84493 wp-block-columns-is-layout-flex\">\n<div class=\"wp-block-column has-background is-layout-flow wp-block-column-is-layout-flow\" style=\"background-color:#f3f6f9;padding-top:var(--wp--preset--spacing--x-small);padding-right:var(--wp--preset--spacing--x-small);padding-bottom:var(--wp--preset--spacing--x-small);padding-left:var(--wp--preset--spacing--x-small)\">\n<h5 class=\"wp-block-heading\">Kit de mini-pr\u00e9paration de plasmide Rapide<\/h5>\n\n\n\n<p><a href=\"https:\/\/galenvs.com\/wp-content\/uploads\/2024\/12\/QPM0200-QSG-v1.5-2024-12-20.pdf\" target=\"_blank\" rel=\"noreferrer noopener\">[Manual] Guide de D\u00e9marrage Rapide: Kit de mini-pr\u00e9paration de plasmide Rapide (QPM0200)<\/a><\/p>\n\n\n\n<p><a href=\"https:\/\/galenvs.com\/wp-content\/uploads\/2024\/12\/QPM0016-QSG-v1.9-2024-12-20.pdf\" target=\"_blank\" rel=\"noreferrer noopener\">[Automated 16 Samples] Guide de D\u00e9marrage Rapide: Kit de mini-pr\u00e9paration de plasmide Rapide (QPM0016)<\/a><\/p>\n\n\n\n<p><a href=\"https:\/\/galenvs.com\/wp-content\/uploads\/2024\/12\/QPM0096-QSG-v1.1-2024-12-20.pdf\" target=\"_blank\" rel=\"noreferrer noopener\">[Automated 96 Samples] Guide de D\u00e9marrage Rapide: Kit de mini-pr\u00e9paration de plasmide Rapide (QPM0096)<\/a><\/p>\n<\/div>\n\n\n\n<div class=\"wp-block-column has-background is-layout-flow wp-block-column-is-layout-flow\" style=\"background-color:#f3f6f9;padding-top:var(--wp--preset--spacing--x-small);padding-right:var(--wp--preset--spacing--x-small);padding-bottom:var(--wp--preset--spacing--x-small);padding-left:var(--wp--preset--spacing--x-small)\">\n<h5 class=\"wp-block-heading\">Kit d&rsquo;Extraction de l&rsquo;ADN du sol<\/h5>\n\n\n\n<p><a href=\"https:\/\/galenvs.com\/wp-content\/uploads\/2024\/02\/SD0050-QSG-v1.1-2023-28-11.pdf\" target=\"_blank\" rel=\"noreferrer noopener\">[Manual] Guide de D\u00e9marrage Rapide: Kit d&rsquo;Extraction de l&rsquo;ADN du sol (SD0050)<\/a><\/p>\n\n\n\n<p><a href=\"https:\/\/galenvs.com\/wp-content\/uploads\/2024\/07\/SD0016-QSG-v1.5-2024-07-24.pdf\" target=\"_blank\" rel=\"noreferrer noopener\">[Automated 16 samples] Guide de D\u00e9marrage Rapide: Kit d&rsquo;Extraction de l&rsquo;ADN du sol (SD0016)<\/a><\/p>\n<\/div>\n<\/div>\n\n\n\n<div class=\"wp-block-columns alignwide pdf-section is-layout-flex wp-container-core-columns-is-layout-28f84493 wp-block-columns-is-layout-flex\">\n<div class=\"wp-block-column has-background is-layout-flow wp-block-column-is-layout-flow\" style=\"background-color:#f3f6f9;padding-top:var(--wp--preset--spacing--x-small);padding-right:var(--wp--preset--spacing--x-small);padding-bottom:var(--wp--preset--spacing--x-small);padding-left:var(--wp--preset--spacing--x-small)\">\n<h5 class=\"wp-block-heading\">Kit d&rsquo;Extraction de l&rsquo;ADN du tissu<\/h5>\n\n\n\n<p><a href=\"https:\/\/galenvs.com\/wp-content\/uploads\/2024\/12\/TD0016-QSG-v1.0-2024-12-06.pdf\" target=\"_blank\" rel=\"noreferrer noopener\">[Automated] Guide de D\u00e9marrage Rapide: Kit d&rsquo;Extraction de l&rsquo;ADN du tissu (TD0016)<\/a><\/p>\n<\/div>\n\n\n\n<div class=\"wp-block-column has-background is-layout-flow wp-block-column-is-layout-flow\" style=\"background-color:#f3f6f9;padding-top:var(--wp--preset--spacing--x-small);padding-right:var(--wp--preset--spacing--x-small);padding-bottom:var(--wp--preset--spacing--x-small);padding-left:var(--wp--preset--spacing--x-small)\">\n<h5 class=\"wp-block-heading\">Kit d&rsquo;Extraction de l&rsquo;ARN totale<\/h5>\n\n\n\n<p><a href=\"https:\/\/galenvs.com\/wp-content\/uploads\/2024\/12\/TRC0016-QSG-v1.1-2024-12-11.pdf\" target=\"_blank\" rel=\"noreferrer noopener\">[Automated] Guide de D\u00e9marrage Rapide: Kit d&rsquo;Extraction de l&rsquo;ARN totale (TRC0016)<\/a><\/p>\n<\/div>\n<\/div>\n\n\n\n<div class=\"wp-block-columns alignwide pdf-section is-layout-flex wp-container-core-columns-is-layout-28f84493 wp-block-columns-is-layout-flex\">\n<div class=\"wp-block-column has-background is-layout-flow wp-block-column-is-layout-flow\" style=\"background-color:#f3f6f9;padding-top:var(--wp--preset--spacing--x-small);padding-right:var(--wp--preset--spacing--x-small);padding-bottom:var(--wp--preset--spacing--x-small);padding-left:var(--wp--preset--spacing--x-small)\">\n<h5 class=\"wp-block-heading\">Kit Universel d&rsquo;Extraction d&rsquo;ADN\/ARN de pathog\u00e8nes<\/h5>\n\n\n\n<p><a href=\"https:\/\/galenvs.com\/wp-content\/uploads\/2023\/10\/qsgPathogen-1.1-v3-20220525-1.pdf\" target=\"_blank\" rel=\"noreferrer noopener\">[Manual] Guide de D\u00e9marrage Rapide: Kit Universel d&rsquo;Extraction d&rsquo;ADN\/ARN de pathog\u00e8nes (UP0050)<\/a><\/p>\n\n\n\n<p><a href=\"https:\/\/galenvs.com\/wp-content\/uploads\/2023\/10\/UPX0100-QSG-v1.2-20230605-1.pdf\" target=\"_blank\" rel=\"noreferrer noopener\">[Manual] Guide de D\u00e9marrage Rapide : Module de complexe pathog\u00e8ne universel (UPX0100)<\/a><\/p>\n\n\n\n<p><a href=\"https:\/\/galenvs.com\/wp-content\/uploads\/2024\/02\/UP0016-QSG-v1.2-2023-11-29.pdf\" target=\"_blank\" rel=\"noreferrer noopener\">[Automated 16 samples] Guide de D\u00e9marrage Rapide : Kit Universel d&rsquo;Extraction d&rsquo;ADN\/ARN de pathog\u00e8nes (UP0016)<\/a><\/p>\n\n\n\n<p><a href=\"https:\/\/galenvs.com\/wp-content\/uploads\/2023\/10\/qsgPathogen96-v3-20220606-1.pdf\" target=\"_blank\" rel=\"noreferrer noopener\">[Automated 96 samples] Guide de D\u00e9marrage Rapide: Kit Universel d&rsquo;Extraction d&rsquo;ADN\/ARN de pathog\u00e8nes (UP0096)<\/a><\/p>\n<\/div>\n\n\n\n<div class=\"wp-block-column has-background is-layout-flow wp-block-column-is-layout-flow\" style=\"background-color:#f3f6f9;padding-top:var(--wp--preset--spacing--x-small);padding-right:var(--wp--preset--spacing--x-small);padding-bottom:var(--wp--preset--spacing--x-small);padding-left:var(--wp--preset--spacing--x-small)\">\n<h5 class=\"wp-block-heading\">Kit d&rsquo;Extraction de l&rsquo;ADN\/ARN \u00e0 partir des eaux us\u00e9es<\/h5>\n\n\n\n<p><a href=\"https:\/\/galenvs.com\/wp-content\/uploads\/2023\/10\/WW0100-QSG-v1.0-20230222.pdf\" target=\"_blank\" rel=\"noreferrer noopener\">[Manual] Guide de d\u00e9marrage rapide : Kit d&rsquo;Extraction d&rsquo;ADN\/ARN \u00e0 partir des eaux us\u00e9es (WW0100)<\/a><\/p>\n\n\n\n<p><a href=\"https:\/\/galenvs.com\/wp-content\/uploads\/2024\/07\/WW0016-QSG-v1.4-2024-07-08.pdf\">[Semi-Automated 16 samples] Guide de D\u00e9marrage Rapide : Kit d&rsquo;extraction d&rsquo;ADN\/ARN des eaux us\u00e9es (WW0016)<\/a><\/p>\n<\/div>\n<\/div>\n<\/div>\n","protected":false},"excerpt":{"rendered":"<p>Kit d&rsquo;Extraction d&rsquo;ADN \u00e0 partir du Sang et des Cellules [Manual] Guide de D\u00e9marrage Rapide : Kit d&rsquo;Extraction d&rsquo;ADN \u00e0 partir du Sang et des Cellules (BC0100 and BC0250) [Automated 16 Samples] Guide de D\u00e9marrage Rapide : Kit d&rsquo;Extraction d&rsquo;ADN \u00e0 partir du Sang et des Cellules (BC0016) Extraction de l&rsquo;ADN libre circulant (cfDNA) [Automated [&hellip;]<\/p>\n","protected":false},"author":1,"featured_media":2758,"parent":0,"menu_order":0,"comment_status":"closed","ping_status":"closed","template":"wp-custom-template-custom-page","meta":{"content-type":"","_uag_custom_page_level_css":"","footnotes":""},"class_list":["post-3883","page","type-page","status-publish","has-post-thumbnail","hentry"],"uagb_featured_image_src":{"full":["https:\/\/galenvs.com\/wp-content\/uploads\/2023\/09\/guides-and-protocols.png",1900,500,false],"thumbnail":["https:\/\/galenvs.com\/wp-content\/uploads\/2023\/09\/guides-and-protocols-150x150.png",150,150,true],"medium":["https:\/\/galenvs.com\/wp-content\/uploads\/2023\/09\/guides-and-protocols-300x79.png",300,79,true],"medium_large":["https:\/\/galenvs.com\/wp-content\/uploads\/2023\/09\/guides-and-protocols-768x202.png",768,202,true],"large":["https:\/\/galenvs.com\/wp-content\/uploads\/2023\/09\/guides-and-protocols-1024x269.png",1024,269,true],"1536x1536":["https:\/\/galenvs.com\/wp-content\/uploads\/2023\/09\/guides-and-protocols-1536x404.png",1536,404,true],"2048x2048":["https:\/\/galenvs.com\/wp-content\/uploads\/2023\/09\/guides-and-protocols.png",1900,500,false]},"uagb_author_info":{"display_name":"galenvs","author_link":"https:\/\/galenvs.com\/fr\/author\/galenvs\/"},"uagb_comment_info":0,"uagb_excerpt":"Kit d&rsquo;Extraction d&rsquo;ADN \u00e0 partir du Sang et des Cellules [Manual] Guide de D\u00e9marrage Rapide : Kit d&rsquo;Extraction d&rsquo;ADN \u00e0 partir du Sang et des Cellules (BC0100 and BC0250) [Automated 16 Samples] Guide de D\u00e9marrage Rapide : Kit d&rsquo;Extraction d&rsquo;ADN \u00e0 partir du Sang et des Cellules (BC0016) Extraction de l&rsquo;ADN libre circulant (cfDNA) [Automated\u2026","_links":{"self":[{"href":"https:\/\/galenvs.com\/fr\/wp-json\/wp\/v2\/pages\/3883","targetHints":{"allow":["GET"]}}],"collection":[{"href":"https:\/\/galenvs.com\/fr\/wp-json\/wp\/v2\/pages"}],"about":[{"href":"https:\/\/galenvs.com\/fr\/wp-json\/wp\/v2\/types\/page"}],"author":[{"embeddable":true,"href":"https:\/\/galenvs.com\/fr\/wp-json\/wp\/v2\/users\/1"}],"replies":[{"embeddable":true,"href":"https:\/\/galenvs.com\/fr\/wp-json\/wp\/v2\/comments?post=3883"}],"version-history":[{"count":11,"href":"https:\/\/galenvs.com\/fr\/wp-json\/wp\/v2\/pages\/3883\/revisions"}],"predecessor-version":[{"id":4796,"href":"https:\/\/galenvs.com\/fr\/wp-json\/wp\/v2\/pages\/3883\/revisions\/4796"}],"wp:featuredmedia":[{"embeddable":true,"href":"https:\/\/galenvs.com\/fr\/wp-json\/wp\/v2\/media\/2758"}],"wp:attachment":[{"href":"https:\/\/galenvs.com\/fr\/wp-json\/wp\/v2\/media?parent=3883"}],"curies":[{"name":"wp","href":"https:\/\/api.w.org\/{rel}","templated":true}]}}