{"id":3874,"date":"2023-09-12T10:48:54","date_gmt":"2023-09-12T10:48:54","guid":{"rendered":"https:\/\/galenvs.com\/termes-conditions\/"},"modified":"2025-03-16T17:13:25","modified_gmt":"2025-03-16T17:13:25","slug":"termes-conditions","status":"publish","type":"page","link":"https:\/\/galenvs.com\/fr\/termes-conditions\/","title":{"rendered":"Termes &amp; Conditions"},"content":{"rendered":"\n<div class=\"wp-block-group alignfull inner-header m0 has-global-padding is-layout-constrained wp-block-group-is-layout-constrained\">\n<div class=\"wp-block-cover alignfull has-custom-content-position is-position-bottom-left wp-duotone-unset-1\"><span aria-hidden=\"true\" class=\"wp-block-cover__background has-background-dim\"><\/span><img loading=\"lazy\" decoding=\"async\" width=\"1900\" height=\"500\" class=\"wp-block-cover__image-background wp-image-2751\" alt=\"\" src=\"https:\/\/galenvs.com\/wp-content\/uploads\/2023\/09\/Contact-us-Privacy-Policy.png\" data-object-fit=\"cover\" srcset=\"https:\/\/galenvs.com\/wp-content\/uploads\/2023\/09\/Contact-us-Privacy-Policy.png 1900w, https:\/\/galenvs.com\/wp-content\/uploads\/2023\/09\/Contact-us-Privacy-Policy-300x79.png 300w, https:\/\/galenvs.com\/wp-content\/uploads\/2023\/09\/Contact-us-Privacy-Policy-1024x269.png 1024w, https:\/\/galenvs.com\/wp-content\/uploads\/2023\/09\/Contact-us-Privacy-Policy-768x202.png 768w, https:\/\/galenvs.com\/wp-content\/uploads\/2023\/09\/Contact-us-Privacy-Policy-1536x404.png 1536w, https:\/\/galenvs.com\/wp-content\/uploads\/2023\/09\/Contact-us-Privacy-Policy-1200x316.png 1200w\" sizes=\"auto, (max-width: 1900px) 100vw, 1900px\" \/><div class=\"wp-block-cover__inner-container has-global-padding is-layout-constrained wp-block-cover-is-layout-constrained\"><h2 class=\"wp-block-post-title has-text-color has-background-color\">Termes &amp; Conditions<\/h2><\/div><\/div>\n<\/div>\n\n<div class=\"wp-block-group alignwide has-global-padding is-layout-constrained wp-block-group-is-layout-constrained\">\n<p>Termes et conditions<\/p>\n\n\n\n<p>Derni\u00e8re mise \u00e0 jour : 10 septembre 2023<\/p>\n\n\n\n<p><strong>Introduction<\/strong><\/p>\n\n\n\n<p>Bienvenue \u00e0 Galenvs Sciences Inc. Ces termes et conditions d\u00e9crivent les r\u00e8gles et r\u00e8glements pour l\u2019utilisation du site Web de Galenvs Sciences Inc., situ\u00e9 \u00e0 www.galenvs.com.<\/p>\n\n\n\n<p><strong>Acceptation des conditions<\/strong><\/p>\n\n\n\n<p>En acc\u00e9dant \u00e0 ce site Web, vous acceptez d\u2019\u00eatre li\u00e9 par les conditions g\u00e9n\u00e9rales de ce site Web, toutes les lois et r\u00e9glementations applicables, et acceptez que vous \u00eates responsable du respect de toutes les lois locales applicables.\nSi vous n\u2019\u00eates pas d\u2019accord avec l\u2019une de ces conditions, il vous est interdit d\u2019utiliser ou d\u2019acc\u00e9der \u00e0 ce site. <\/p>\n\n\n\n<p><strong>Droits de propri\u00e9t\u00e9 intellectuelle<\/strong><\/p>\n\n\n\n<p>Tout le contenu, les marques de commerce, les marques de service, les noms commerciaux, les logos et les ic\u00f4nes sont la propri\u00e9t\u00e9 de Galenvs Sciences Inc. ou de ses soci\u00e9t\u00e9s affili\u00e9es ou agents et sont prot\u00e9g\u00e9s par les lois sur le droit d\u2019auteur et les trait\u00e9s et dispositions internationaux.<\/p>\n\n\n\n<p><strong>Conduite de l\u2019utilisateur<\/strong><\/p>\n\n\n\n<p>Il est interdit aux utilisateurs de violer ou de tenter de violer la s\u00e9curit\u00e9 du site Web, y compris, sans s\u2019y limiter\u00a0:<\/p>\n\n\n\n<ul class=\"wp-block-list\">\n<li>Obtenir un acc\u00e8s non autoris\u00e9 \u00e0 toute partie ou fonctionnalit\u00e9 du site Web.<\/li>\n\n\n\n<li>Introduction de virus, de vers ou d\u2019autres codes malveillants.<\/li>\n<\/ul>\n\n\n\n<p><strong>Conditions de vente<\/strong><\/p>\n\n\n\n<p>Toutes les ventes sont soumises \u00e0 la disponibilit\u00e9 et \u00e0 l\u2019acceptation de votre commande par Galenvs Sciences Inc.\nLes prix sont sujets \u00e0 changement sans pr\u00e9avis.\nToutes les ventes sont r\u00e9gies par les lois de la province de Qu\u00e9bec.  <\/p>\n\n\n\n<p><strong>Politique de retour et de remplacement<\/strong><\/p>\n\n\n\n<p>Tous les retours n\u00e9cessitent un num\u00e9ro d\u2019autorisation de Galenvs Sciences Inc. avant de retourner tout produit.\nAucun retour ne sera accept\u00e9 plus de 30 jours apr\u00e8s la date d\u2019exp\u00e9dition.\nDes frais de r\u00e9approvisionnement peuvent \u00eatre per\u00e7us en fonction de la nature du produit.\nNous nous r\u00e9servons le droit de ne pas accepter l\u2019annulation des commandes.   <\/p>\n\n\n\n<p><strong>Garanties<\/strong><\/p>\n\n\n\n<p>Galenvs Sciences Inc. garantit que ses produits doivent \u00eatre conformes \u00e0 la description fournie dans notre catalogue actuel ou dans l\u2019emballage du produit. Cette garantie est exclusive et Galenvs Sciences Inc. ne donne aucune autre garantie, expresse ou implicite, y compris toute garantie implicite de qualit\u00e9 marchande ou d\u2019ad\u00e9quation \u00e0 un usage particulier. La seule et exclusive responsabilit\u00e9 de Galenvs Sciences Inc., en ce qui concerne les produits fournis \u00e0 la satisfaction de Galenvs Sciences Inc. d\u2019\u00eatre d\u00e9fectueux, sera le remplacement de ces produits sans frais ou le remboursement du prix d\u2019achat. Galenvs Sciences Inc. n\u2019est pas responsable des dommages accessoires, cons\u00e9cutifs ou \u00e9ventuels.<\/p>\n\n\n\n<p><strong>Courtage et taxes<\/strong><\/p>\n\n\n\n<p>Les clients sont responsables de tous les frais de courtage, droits ou taxes associ\u00e9s aux exp\u00e9ditions internationales.<\/p>\n\n\n\n<p><strong>Exp\u00e9dition<\/strong><\/p>\n\n\n\n<p>Les commandes sont g\u00e9n\u00e9ralement exp\u00e9di\u00e9es la m\u00eame semaine par les moyens les plus efficaces et les plus rentables possibles, cependant, nous exp\u00e9dierons par la m\u00e9thode sp\u00e9cifi\u00e9e par le client. La plupart des produits de Galenvs Sciences Inc. sont exp\u00e9di\u00e9s \u00e0 temp\u00e9rature ambiante. Galenvs Sciences Inc. n\u2019est pas responsable des retards d\u2019exp\u00e9dition en raison de facteurs externes.<\/p>\n\n\n\n<p><strong>R\u00e9siliation<\/strong><\/p>\n\n\n\n<p>Nous pouvons r\u00e9silier ou suspendre votre compte et interdire l\u2019acc\u00e8s au site Web imm\u00e9diatement, sans pr\u00e9avis ni responsabilit\u00e9, \u00e0 notre seule discr\u00e9tion, pour quelque raison que ce soit et sans limitation, y compris, mais sans s\u2019y limiter, une violation des Conditions.<\/p>\n\n\n\n<p><strong>Modifications apport\u00e9es aux termes et conditions<\/strong><\/p>\n\n\n\n<p>Nous nous r\u00e9servons le droit de modifier ces termes et conditions \u00e0 tout moment, \u00e0 compter de la publication d\u2019une version mise \u00e0 jour sur cette page.<\/p>\n\n\n\n<p><strong>Contactez-nous<\/strong>Si vous avez des questions sur ces termes et conditions, vous pouvez nous contacter \u00e0 <a href=\"mailto:contact@galenvs.com\">contact@galenvs.com<\/a>.<\/p>\n<\/div>\n","protected":false},"excerpt":{"rendered":"<p>Termes et conditions Derni\u00e8re mise \u00e0 jour : 10 septembre 2023 Introduction Bienvenue \u00e0 Galenvs Sciences Inc. Ces termes et conditions d\u00e9crivent les r\u00e8gles et r\u00e8glements pour l\u2019utilisation du site Web de Galenvs Sciences Inc., situ\u00e9 \u00e0 www.galenvs.com. Acceptation des conditions En acc\u00e9dant \u00e0 ce site Web, vous acceptez d\u2019\u00eatre li\u00e9 par les conditions g\u00e9n\u00e9rales [&hellip;]<\/p>\n","protected":false},"author":1,"featured_media":2752,"parent":0,"menu_order":0,"comment_status":"closed","ping_status":"closed","template":"wp-custom-template-custom-page","meta":{"content-type":"","_uag_custom_page_level_css":"","footnotes":""},"class_list":["post-3874","page","type-page","status-publish","has-post-thumbnail","hentry"],"uagb_featured_image_src":{"full":["https:\/\/galenvs.com\/wp-content\/uploads\/2023\/09\/Contact-us-Privacy-Policy.png",1900,500,false],"thumbnail":["https:\/\/galenvs.com\/wp-content\/uploads\/2023\/09\/Contact-us-Privacy-Policy-150x150.png",150,150,true],"medium":["https:\/\/galenvs.com\/wp-content\/uploads\/2023\/09\/Contact-us-Privacy-Policy-300x79.png",300,79,true],"medium_large":["https:\/\/galenvs.com\/wp-content\/uploads\/2023\/09\/Contact-us-Privacy-Policy-768x202.png",768,202,true],"large":["https:\/\/galenvs.com\/wp-content\/uploads\/2023\/09\/Contact-us-Privacy-Policy-1024x269.png",1024,269,true],"1536x1536":["https:\/\/galenvs.com\/wp-content\/uploads\/2023\/09\/Contact-us-Privacy-Policy-1536x404.png",1536,404,true],"2048x2048":["https:\/\/galenvs.com\/wp-content\/uploads\/2023\/09\/Contact-us-Privacy-Policy.png",1900,500,false]},"uagb_author_info":{"display_name":"galenvs","author_link":"https:\/\/galenvs.com\/fr\/author\/galenvs\/"},"uagb_comment_info":0,"uagb_excerpt":"Termes et conditions Derni\u00e8re mise \u00e0 jour : 10 septembre 2023 Introduction Bienvenue \u00e0 Galenvs Sciences Inc. Ces termes et conditions d\u00e9crivent les r\u00e8gles et r\u00e8glements pour l\u2019utilisation du site Web de Galenvs Sciences Inc., situ\u00e9 \u00e0 www.galenvs.com. Acceptation des conditions En acc\u00e9dant \u00e0 ce site Web, vous acceptez d\u2019\u00eatre li\u00e9 par les conditions g\u00e9n\u00e9rales\u2026","_links":{"self":[{"href":"https:\/\/galenvs.com\/fr\/wp-json\/wp\/v2\/pages\/3874","targetHints":{"allow":["GET"]}}],"collection":[{"href":"https:\/\/galenvs.com\/fr\/wp-json\/wp\/v2\/pages"}],"about":[{"href":"https:\/\/galenvs.com\/fr\/wp-json\/wp\/v2\/types\/page"}],"author":[{"embeddable":true,"href":"https:\/\/galenvs.com\/fr\/wp-json\/wp\/v2\/users\/1"}],"replies":[{"embeddable":true,"href":"https:\/\/galenvs.com\/fr\/wp-json\/wp\/v2\/comments?post=3874"}],"version-history":[{"count":1,"href":"https:\/\/galenvs.com\/fr\/wp-json\/wp\/v2\/pages\/3874\/revisions"}],"predecessor-version":[{"id":3875,"href":"https:\/\/galenvs.com\/fr\/wp-json\/wp\/v2\/pages\/3874\/revisions\/3875"}],"wp:featuredmedia":[{"embeddable":true,"href":"https:\/\/galenvs.com\/fr\/wp-json\/wp\/v2\/media\/2752"}],"wp:attachment":[{"href":"https:\/\/galenvs.com\/fr\/wp-json\/wp\/v2\/media?parent=3874"}],"curies":[{"name":"wp","href":"https:\/\/api.w.org\/{rel}","templated":true}]}}