{"id":3872,"date":"2023-08-15T10:34:35","date_gmt":"2023-08-15T14:34:35","guid":{"rendered":"https:\/\/galenvs.com\/lequipe\/"},"modified":"2025-03-19T08:28:18","modified_gmt":"2025-03-19T12:28:18","slug":"lequipe","status":"publish","type":"page","link":"https:\/\/galenvs.com\/fr\/lequipe\/","title":{"rendered":"L\u2019\u00e9quipe"},"content":{"rendered":"\n<div class=\"wp-block-cover alignfull wp-duotone-unset-1\"><span aria-hidden=\"true\" class=\"wp-block-cover__background has-background-dim\"><\/span><img loading=\"lazy\" decoding=\"async\" width=\"1200\" height=\"316\" src=\"https:\/\/galenvs.com\/wp-content\/uploads\/2023\/09\/Team-1200x316.png\" class=\"wp-block-cover__image-background wp-post-image\" alt=\"\" data-object-fit=\"cover\" srcset=\"https:\/\/galenvs.com\/wp-content\/uploads\/2023\/09\/Team-1200x316.png 1200w, https:\/\/galenvs.com\/wp-content\/uploads\/2023\/09\/Team-300x79.png 300w, https:\/\/galenvs.com\/wp-content\/uploads\/2023\/09\/Team-1024x269.png 1024w, https:\/\/galenvs.com\/wp-content\/uploads\/2023\/09\/Team-768x202.png 768w, https:\/\/galenvs.com\/wp-content\/uploads\/2023\/09\/Team-1536x404.png 1536w, https:\/\/galenvs.com\/wp-content\/uploads\/2023\/09\/Team.png 1900w\" sizes=\"auto, (max-width: 1200px) 100vw, 1200px\" \/><div class=\"wp-block-cover__inner-container has-global-padding is-layout-constrained wp-block-cover-is-layout-constrained\">\n<h1 class=\"wp-block-heading has-text-align-center\" style=\"letter-spacing:1px\">L\u2019\u00e9quipe<\/h1>\n<\/div><\/div>\n\n<div class=\"wp-block-group alignwide has-global-padding is-layout-constrained wp-container-core-group-is-layout-56c6c7a5 wp-block-group-is-layout-constrained\" style=\"margin-top:var(--wp--preset--spacing--medium)\">\n<h2 class=\"wp-block-heading has-text-align-center has-xxx-large-font-size\" style=\"font-style:normal;font-weight:300\">Innovation, Int\u00e9grit\u00e9, Engagement<\/h2>\n\n\n\n<p class=\"has-text-align-center has-secondary-accent-text-color has-text-color\" style=\"font-style:normal;font-weight:300;letter-spacing:1px\">Chez Galenvs, nous croyons fermement que notre plus grande force r\u00e9side dans notre \u00e9quipe \u2013 un groupe dynamique et engag\u00e9, d\u00e9di\u00e9 \u00e0 offrir qualit\u00e9, innovation et excellence dans toutes nos activit\u00e9s. Unis dans nos objectifs et anim\u00e9s par un sens collectif des responsabilit\u00e9s, nous sommes plus qu\u2019une main-d\u2019\u0153uvre ; nous sommes une communaut\u00e9 ax\u00e9e sur l\u2019impact durable dans le domaine des sciences de la vie.<\/p>\n\n\n\n<div class=\"wp-block-uagb-buttons uagb-buttons__outer-wrap uagb-btn__default-btn uagb-btn-tablet__default-btn uagb-btn-mobile__default-btn uagb-block-6c7834bd\"><div class=\"uagb-buttons__wrap uagb-buttons-layout-wrap \">\n<div class=\"wp-block-uagb-buttons-child uagb-buttons__outer-wrap uagb-block-a94eb130 wp-block-button\"><div class=\"uagb-button__wrapper\"><a class=\"uagb-buttons-repeater wp-block-button__link\" aria-label=\"\" href=\"http:\/\/www.galenvs.com\/careers\" rel=\"follow noopener\" target=\"_self\" role=\"button\"><div class=\"uagb-button__link\">Travaillez avec nous<\/div><\/a><\/div><\/div>\n<\/div><\/div>\n<\/div>\n","protected":false},"excerpt":{"rendered":"<p>Innovation, Int\u00e9grit\u00e9, Engagement Chez Galenvs, nous croyons fermement que notre plus grande force r\u00e9side dans notre \u00e9quipe \u2013 un groupe dynamique et engag\u00e9, d\u00e9di\u00e9 \u00e0 offrir qualit\u00e9, innovation et excellence dans toutes nos activit\u00e9s. Unis dans nos objectifs et anim\u00e9s par un sens collectif des responsabilit\u00e9s, nous sommes plus qu\u2019une main-d\u2019\u0153uvre ; nous sommes une [&hellip;]<\/p>\n","protected":false},"author":1,"featured_media":2774,"parent":0,"menu_order":0,"comment_status":"closed","ping_status":"closed","template":"wp-custom-template-custom-page","meta":{"content-type":"","_uag_custom_page_level_css":"","footnotes":""},"class_list":["post-3872","page","type-page","status-publish","has-post-thumbnail","hentry"],"uagb_featured_image_src":{"full":["https:\/\/galenvs.com\/wp-content\/uploads\/2023\/09\/Team.png",1900,500,false],"thumbnail":["https:\/\/galenvs.com\/wp-content\/uploads\/2023\/09\/Team-150x150.png",150,150,true],"medium":["https:\/\/galenvs.com\/wp-content\/uploads\/2023\/09\/Team-300x79.png",300,79,true],"medium_large":["https:\/\/galenvs.com\/wp-content\/uploads\/2023\/09\/Team-768x202.png",768,202,true],"large":["https:\/\/galenvs.com\/wp-content\/uploads\/2023\/09\/Team-1024x269.png",1024,269,true],"1536x1536":["https:\/\/galenvs.com\/wp-content\/uploads\/2023\/09\/Team-1536x404.png",1536,404,true],"2048x2048":["https:\/\/galenvs.com\/wp-content\/uploads\/2023\/09\/Team.png",1900,500,false]},"uagb_author_info":{"display_name":"galenvs","author_link":"https:\/\/galenvs.com\/fr\/author\/galenvs\/"},"uagb_comment_info":0,"uagb_excerpt":"Innovation, Int\u00e9grit\u00e9, Engagement Chez Galenvs, nous croyons fermement que notre plus grande force r\u00e9side dans notre \u00e9quipe \u2013 un groupe dynamique et engag\u00e9, d\u00e9di\u00e9 \u00e0 offrir qualit\u00e9, innovation et excellence dans toutes nos activit\u00e9s. Unis dans nos objectifs et anim\u00e9s par un sens collectif des responsabilit\u00e9s, nous sommes plus qu\u2019une main-d\u2019\u0153uvre ; nous sommes une\u2026","_links":{"self":[{"href":"https:\/\/galenvs.com\/fr\/wp-json\/wp\/v2\/pages\/3872","targetHints":{"allow":["GET"]}}],"collection":[{"href":"https:\/\/galenvs.com\/fr\/wp-json\/wp\/v2\/pages"}],"about":[{"href":"https:\/\/galenvs.com\/fr\/wp-json\/wp\/v2\/types\/page"}],"author":[{"embeddable":true,"href":"https:\/\/galenvs.com\/fr\/wp-json\/wp\/v2\/users\/1"}],"replies":[{"embeddable":true,"href":"https:\/\/galenvs.com\/fr\/wp-json\/wp\/v2\/comments?post=3872"}],"version-history":[{"count":8,"href":"https:\/\/galenvs.com\/fr\/wp-json\/wp\/v2\/pages\/3872\/revisions"}],"predecessor-version":[{"id":4887,"href":"https:\/\/galenvs.com\/fr\/wp-json\/wp\/v2\/pages\/3872\/revisions\/4887"}],"wp:featuredmedia":[{"embeddable":true,"href":"https:\/\/galenvs.com\/fr\/wp-json\/wp\/v2\/media\/2774"}],"wp:attachment":[{"href":"https:\/\/galenvs.com\/fr\/wp-json\/wp\/v2\/media?parent=3872"}],"curies":[{"name":"wp","href":"https:\/\/api.w.org\/{rel}","templated":true}]}}