{"id":3856,"date":"2023-08-19T15:05:29","date_gmt":"2023-08-19T19:05:29","guid":{"rendered":"https:\/\/galenvs.com\/miqron\/"},"modified":"2025-03-18T15:32:00","modified_gmt":"2025-03-18T19:32:00","slug":"miqron","status":"publish","type":"page","link":"https:\/\/galenvs.com\/fr\/miqron\/","title":{"rendered":"miQron\u2122"},"content":{"rendered":"\n<div class=\"wp-block-group alignfull inner-header m0 has-global-padding is-layout-constrained wp-block-group-is-layout-constrained\">\n<div class=\"wp-block-cover alignfull wp-duotone-unset-1\"><span aria-hidden=\"true\" class=\"wp-block-cover__background has-background-dim-60 has-background-dim\"><\/span><img loading=\"lazy\" decoding=\"async\" width=\"1200\" height=\"316\" src=\"https:\/\/galenvs.com\/wp-content\/uploads\/2023\/09\/miQron-1200x316.png\" class=\"wp-block-cover__image-background wp-post-image\" alt=\"\" data-object-fit=\"cover\" srcset=\"https:\/\/galenvs.com\/wp-content\/uploads\/2023\/09\/miQron-1200x316.png 1200w, https:\/\/galenvs.com\/wp-content\/uploads\/2023\/09\/miQron-300x79.png 300w, https:\/\/galenvs.com\/wp-content\/uploads\/2023\/09\/miQron-1024x269.png 1024w, https:\/\/galenvs.com\/wp-content\/uploads\/2023\/09\/miQron-768x202.png 768w, https:\/\/galenvs.com\/wp-content\/uploads\/2023\/09\/miQron-1536x404.png 1536w, https:\/\/galenvs.com\/wp-content\/uploads\/2023\/09\/miQron.png 1900w\" sizes=\"auto, (max-width: 1200px) 100vw, 1200px\" \/><div class=\"wp-block-cover__inner-container has-global-padding is-layout-constrained wp-block-cover-is-layout-constrained\">\n<h2 class=\"wp-block-heading has-text-align-center has-secondary-color has-text-color has-link-color has-xx-large-font-size wp-elements-0f3908aef163ea2f5a46c4beaa181220\" style=\"font-style:normal;font-weight:900;letter-spacing:1px;text-transform:none\">miQron\u2122<\/h2>\n\n\n\n<h2 class=\"wp-block-heading has-text-align-center has-accent-text-color has-text-color has-link-color has-xxxx-large-font-size wp-elements-697aa73d2cc9996f59a7d6fc4facc7d0\" style=\"font-style:normal;font-weight:200;letter-spacing:1px;text-transform:none\">Une solution compl\u00e8te cl\u00e9 en main<\/h2>\n<\/div><\/div>\n<\/div>\n\n<div class=\"wp-block-group alignwide has-global-padding is-layout-constrained wp-block-group-is-layout-constrained\" style=\"margin-top:var(--wp--preset--spacing--small);padding-top:var(--wp--preset--spacing--medium);padding-bottom:var(--wp--preset--spacing--medium)\">\n<div class=\"wp-block-columns is-layout-flex wp-container-core-columns-is-layout-28f84493 wp-block-columns-is-layout-flex\">\n<div class=\"wp-block-column is-layout-flow wp-block-column-is-layout-flow\" style=\"flex-basis:50%\">\n<p class=\"has-text-align-left has-secondary-accent-text-color has-text-color\" style=\"font-style:normal;font-weight:300;letter-spacing:1px\">L\u2019instrument de purification des acides nucl\u00e9iques miQron\u2122 est le syst\u00e8me automatis\u00e9 d\u2019extraction et de purification pour l\u2019ADN, de l\u2019ARN, les prot\u00e9ines et les cellules. Il peut absorber, transf\u00e9rer et lib\u00e9rer des billes magn\u00e9tiques \u00e0 l&rsquo;aide d&rsquo;une tige magn\u00e9tique et d&rsquo;un embout magn\u00e9tique pour s\u00e9parer les billes magn\u00e9tiques des \u00e9chantillons.<\/p>\n\n\n\n<p class=\"has-text-align-left has-secondary-accent-text-color has-text-color\" style=\"font-style:normal;font-weight:300;letter-spacing:1px\">L\u2019op\u00e9ration est automatique, rapide et simple. Les utilisateurs peuvent extraire 1 ~ 16 \u00e9chantillons avec des formats de plaques de r\u00e9actif pr\u00e9remplies plug &amp;play. Extraire des tissus animaux\/ v\u00e9g\u00e9taux, du sang, des fluides corporels et d&rsquo;autres types d&rsquo;\u00e9chantillons, avec un affichage en temps r\u00e9el du journal d&rsquo;ex\u00e9cution.<\/p>\n<\/div>\n\n\n\n<div class=\"wp-block-column is-layout-flow wp-block-column-is-layout-flow\" style=\"flex-basis:50%\">\n<figure class=\"wp-block-image aligncenter size-medium\"><img loading=\"lazy\" decoding=\"async\" width=\"234\" height=\"300\" src=\"https:\/\/galenvs.com\/wp-content\/uploads\/2023\/08\/miQron-1-234x300.png\" alt=\"\" class=\"wp-image-867\" srcset=\"https:\/\/galenvs.com\/wp-content\/uploads\/2023\/08\/miQron-1-234x300.png 234w, https:\/\/galenvs.com\/wp-content\/uploads\/2023\/08\/miQron-1.png 394w\" sizes=\"auto, (max-width: 234px) 100vw, 234px\" \/><\/figure>\n<\/div>\n<\/div>\n<\/div>\n\n<div class=\"wp-block-group has-global-padding is-layout-constrained wp-container-core-group-is-layout-3d9c1f36 wp-block-group-is-layout-constrained\" style=\"padding-right:var(--wp--preset--spacing--x-large);padding-left:var(--wp--preset--spacing--x-large)\">\n<div class=\"wp-block-columns is-layout-flex wp-container-core-columns-is-layout-55a3a120 wp-block-columns-is-layout-flex\" style=\"padding-top:var(--wp--preset--spacing--xx-small);padding-right:0;padding-bottom:var(--wp--preset--spacing--xx-small);padding-left:0\">\n<div class=\"wp-block-column is-style-bk-box-shadow is-layout-flow wp-block-column-is-layout-flow\" style=\"padding-top:var(--wp--preset--spacing--x-small);padding-right:var(--wp--preset--spacing--x-small);padding-bottom:var(--wp--preset--spacing--x-small);padding-left:var(--wp--preset--spacing--x-small)\">      \n\t\t\t<div class=\"uagb-icon-wrapper uagb-block-fd30948e      \"\n\t\t\tstyle=\"\" >\n\t\t\t\t\t\t\t\t\t<span class=\"uagb-svg-wrapper\" \n\t\t\t\t\t aria-label=\"stopwatch\"\t\t\t\t\ttabindex=\"0\">\t\t\n\t\t\t\t\t\t\t\t\t\t<svg xmlns=\"https:\/\/www.w3.org\/2000\/svg\" viewBox= \"0 0 448 512\" role=\"graphics-symbol\" aria-hidden=\"false\" aria-label=\"\"><path d=\"M272 0C289.7 0 304 14.33 304 32C304 49.67 289.7 64 272 64H256V98.45C293.5 104.2 327.7 120 355.7 143L377.4 121.4C389.9 108.9 410.1 108.9 422.6 121.4C435.1 133.9 435.1 154.1 422.6 166.6L398.5 190.8C419.7 223.3 432 262.2 432 304C432 418.9 338.9 512 224 512C109.1 512 16 418.9 16 304C16 200 92.32 113.8 192 98.45V64H176C158.3 64 144 49.67 144 32C144 14.33 158.3 0 176 0L272 0zM248 192C248 178.7 237.3 168 224 168C210.7 168 200 178.7 200 192V320C200 333.3 210.7 344 224 344C237.3 344 248 333.3 248 320V192z\"><\/path><\/svg>\n\t\t\t\t\t\t\t\t\t<\/span>\n\t\t\t\t\t\t\t<\/div>\n\t\t\t\n\n\n<p class=\"has-text-align-center has-secondary-accent-text-color has-text-color has-large-font-size\" style=\"font-style:normal;font-weight:400;letter-spacing:1px;line-height:1.2\">Extraction automatis\u00e9e de 1 \u00e0 16 \u00e9chantillons en seulement 18 minutes<\/p>\n<\/div>\n\n\n\n<div class=\"wp-block-column is-style-bk-box-shadow is-layout-flow wp-block-column-is-layout-flow\" style=\"padding-top:var(--wp--preset--spacing--x-small);padding-right:var(--wp--preset--spacing--x-small);padding-bottom:var(--wp--preset--spacing--x-small);padding-left:var(--wp--preset--spacing--x-small)\">      \n\t\t\t<div class=\"uagb-icon-wrapper uagb-block-1780f1d8      \"\n\t\t\tstyle=\"\" >\n\t\t\t\t\t\t\t\t\t<span class=\"uagb-svg-wrapper\" \n\t\t\t\t\t aria-label=\"fire-flame-curved\"\t\t\t\t\ttabindex=\"0\">\t\t\n\t\t\t\t\t\t\t\t\t\t<svg xmlns=\"https:\/\/www.w3.org\/2000\/svg\" viewBox= \"0 0 384 512\" role=\"graphics-symbol\" aria-hidden=\"false\" aria-label=\"\"><path d=\"M384 319.1C384 425.9 297.9 512 192 512s-192-86.13-192-192c0-58.67 27.82-106.8 54.57-134.1C69.54 169.3 96 179.8 96 201.5v85.5c0 35.17 27.97 64.5 63.16 64.94C194.9 352.5 224 323.6 224 288c0-88-175.1-96.12-52.15-277.2c13.5-19.72 44.15-10.77 44.15 13.03C215.1 127 384 149.7 384 319.1z\"><\/path><\/svg>\n\t\t\t\t\t\t\t\t\t<\/span>\n\t\t\t\t\t\t\t<\/div>\n\t\t\t\n\n\n<p class=\"has-text-align-center has-secondary-accent-text-color has-text-color has-large-font-size\" style=\"font-style:normal;font-weight:400;letter-spacing:1px;line-height:1.2\">Fonction de chauffage int\u00e9gr\u00e9e pour la pyrolyse et le chauffage par \u00e9lution<\/p>\n<\/div>\n\n\n\n<div class=\"wp-block-column is-style-bk-box-shadow is-layout-flow wp-block-column-is-layout-flow\" style=\"padding-top:var(--wp--preset--spacing--x-small);padding-right:var(--wp--preset--spacing--x-small);padding-bottom:var(--wp--preset--spacing--x-small);padding-left:var(--wp--preset--spacing--x-small)\">      \n\t\t\t<div class=\"uagb-icon-wrapper uagb-block-d0ca3a84      \"\n\t\t\tstyle=\"\" >\n\t\t\t\t\t\t\t\t\t<span class=\"uagb-svg-wrapper\" \n\t\t\t\t\t aria-label=\"volume-low\"\t\t\t\t\ttabindex=\"0\">\t\t\n\t\t\t\t\t\t\t\t\t\t<svg xmlns=\"https:\/\/www.w3.org\/2000\/svg\" viewBox= \"0 0 448 512\" role=\"graphics-symbol\" aria-hidden=\"false\" aria-label=\"\"><path d=\"M412.6 181.9c-10.28-8.344-25.41-6.875-33.75 3.406c-8.406 10.25-6.906 25.37 3.375 33.78C393.5 228.4 400 241.8 400 256c0 14.19-6.5 27.62-17.81 36.87c-10.28 8.406-11.78 23.53-3.375 33.78c4.719 5.812 11.62 8.812 18.56 8.812c5.344 0 10.75-1.781 15.19-5.406C435.1 311.6 448 284.7 448 256S435.1 200.4 412.6 181.9zM301.2 34.84c-11.5-5.187-25.01-3.116-34.43 5.259L131.8 160H48c-26.51 0-48 21.49-48 47.1v95.1c0 26.51 21.49 47.1 48 47.1h83.84l134.9 119.9C272.7 477.2 280.3 480 288 480c4.438 0 8.959-.9313 13.16-2.837C312.7 472 320 460.6 320 448V64C320 51.41 312.7 39.1 301.2 34.84z\"><\/path><\/svg>\n\t\t\t\t\t\t\t\t\t<\/span>\n\t\t\t\t\t\t\t<\/div>\n\t\t\t\n\n\n<p class=\"has-text-align-center has-secondary-accent-text-color has-text-color has-large-font-size\" style=\"font-style:normal;font-weight:400;letter-spacing:1px;line-height:1.2\">Faible bruit et absence de vibration pendant le fonctionnement<\/p>\n<\/div>\n<\/div>\n<\/div>\n\n<div class=\"wp-block-group has-surface-background-color has-background has-global-padding is-layout-constrained wp-container-core-group-is-layout-f8605116 wp-block-group-is-layout-constrained\" style=\"margin-top:var(--wp--preset--spacing--x-small);margin-bottom:var(--wp--preset--spacing--x-small);padding-top:var(--wp--preset--spacing--medium);padding-right:var(--wp--preset--spacing--small);padding-bottom:var(--wp--preset--spacing--medium);padding-left:var(--wp--preset--spacing--small)\">\n<div class=\"wp-block-columns alignwide is-layout-flex wp-container-core-columns-is-layout-84967120 wp-block-columns-is-layout-flex\" style=\"margin-top:0;padding-right:0;padding-left:0\">\n<div class=\"wp-block-column is-style-bk-box-shadow has-accent-text-background-color has-background is-layout-flow wp-block-column-is-layout-flow\" style=\"padding-top:var(--wp--preset--spacing--small);padding-right:var(--wp--preset--spacing--small);padding-bottom:var(--wp--preset--spacing--small);padding-left:var(--wp--preset--spacing--small);flex-basis:25%\">\n<h2 class=\"wp-block-heading has-text-align-center has-primary-color has-text-color has-link-color has-x-large-font-size wp-elements-62a83d2ba6d5219175d008d1db4d95d8\" style=\"font-style:normal;font-weight:300;letter-spacing:1px\">Simple et intelligent<\/h2>\n\n\n\n<p class=\"has-text-align-center has-secondary-accent-text-color has-text-color has-link-color has-small-font-size wp-elements-05740c12095c6e20cb681a4512ac61f7\" style=\"font-style:normal;font-weight:300\">Programmes pr\u00e9charg\u00e9s pour l\u2019activation tactile \u00e0 un bouton.<br\/><br\/>\u00c9clairage LED int\u00e9gr\u00e9, vue en temps r\u00e9el de l\u2019\u00e9tat de fonctionnement de l\u2019instrument.<br\/><br\/>La conception de l\u2019interface graphique facilite le fonctionnement du syst\u00e8me.<\/p>\n<\/div>\n\n\n\n<div class=\"wp-block-column is-style-bk-box-shadow has-accent-text-background-color has-background is-layout-flow wp-block-column-is-layout-flow\" style=\"padding-top:var(--wp--preset--spacing--small);padding-right:var(--wp--preset--spacing--small);padding-bottom:var(--wp--preset--spacing--small);padding-left:var(--wp--preset--spacing--small);flex-basis:25%\">\n<h2 class=\"wp-block-heading has-text-align-center has-primary-color has-text-color has-link-color has-x-large-font-size wp-elements-3e09f4638ca133b30f14ae76a1b0255e\" style=\"font-style:normal;font-weight:300;letter-spacing:1px\">Pr\u00eat pour les exp\u00e9rimentations sur le terrain<\/h2>\n\n\n\n<p class=\"has-text-align-center has-secondary-accent-text-color has-text-color has-link-color has-small-font-size wp-elements-f79e1afa7fa1cff0a0685bf73c7a0d8d\" style=\"font-style:normal;font-weight:300\">L\u00e9ger (7 kgs), petit et portable.<br\/><br\/>Option de batterie pour le mode de faible consommation d\u2019\u00e9nergie.<br\/><br\/>Alimentation externe, DC24V \/ 5A, permettant l\u2019alimentation de la batterie.<\/p>\n<\/div>\n\n\n\n<div class=\"wp-block-column is-style-bk-box-shadow has-accent-text-background-color has-background is-layout-flow wp-block-column-is-layout-flow\" style=\"padding-top:var(--wp--preset--spacing--small);padding-right:var(--wp--preset--spacing--small);padding-bottom:var(--wp--preset--spacing--small);padding-left:var(--wp--preset--spacing--small);flex-basis:25%\">\n<h2 class=\"wp-block-heading has-text-align-center has-primary-color has-text-color has-link-color has-x-large-font-size wp-elements-5412272f5c6c5570e79a7db6315e5f44\" style=\"font-style:normal;font-weight:300;letter-spacing:1px\">Extraction rapide et de haute qualit\u00e9<\/h2>\n\n\n\n<p class=\"has-text-align-center has-secondary-accent-text-color has-text-color has-link-color has-small-font-size wp-elements-b1de461ab3fe3005ce70dee41d7f7203\" style=\"font-style:normal;font-weight:300\">Jusqu\u2019\u00e0 16 \u00e9chantillons peuvent \u00eatre trait\u00e9s simultan\u00e9ment.<br\/><br\/>Syst\u00e8me de vis \u00e0 billes pour \u00e9l\u00e9vation et haute pr\u00e9cision.<br\/><br\/>Fonction de st\u00e9rilisation UV pour r\u00e9duire la contamination des \u00e9chantillons entre les lots.<\/p>\n<\/div>\n\n\n\n<div class=\"wp-block-column is-style-bk-box-shadow has-accent-text-background-color has-background is-layout-flow wp-block-column-is-layout-flow\" style=\"padding-top:var(--wp--preset--spacing--small);padding-right:var(--wp--preset--spacing--small);padding-bottom:var(--wp--preset--spacing--small);padding-left:var(--wp--preset--spacing--small);flex-basis:25%\">\n<h2 class=\"wp-block-heading has-text-align-center has-primary-color has-text-color has-link-color has-x-large-font-size wp-elements-9a3b7033d0987edacbf437b0f4e4fddc\" style=\"font-style:normal;font-weight:300;letter-spacing:1px\">Flexible et puissant<\/h2>\n\n\n\n<p class=\"has-text-align-center has-secondary-accent-text-color has-text-color has-link-color has-small-font-size wp-elements-e3e8d6753f0a84fe34688ba2215e384c\" style=\"font-style:normal;font-weight:300\">Contr\u00f4le pr\u00e9cis de la temp\u00e9rature +5 \u00b0C~120 \u00b0C.<br\/><br\/>Fonctions logicielles compl\u00e8tes, adapt\u00e9es \u00e0 tous les r\u00e9actifs magnetiQ.<br\/><br\/>Pistolet de lecture de codes-barres inclus pour une saisie \u00e9tendue des informations sur les \u00e9chantillons.<\/p>\n\n\n\n<p class=\"has-text-align-center has-secondary-accent-text-color has-text-color has-link-color has-small-font-size wp-elements-a4daf996765753506d837c5f2fdbce1f\" style=\"font-style:normal;font-weight:300\"><\/p>\n<\/div>\n<\/div>\n<\/div>\n\n<div class=\"wp-block-group alignwide has-global-padding is-layout-constrained wp-container-core-group-is-layout-9eefc607 wp-block-group-is-layout-constrained\" style=\"margin-top:var(--wp--preset--spacing--small);padding-top:var(--wp--preset--spacing--medium);padding-bottom:var(--wp--preset--spacing--medium)\">\n<p class=\"has-text-align-center has-secondary-accent-text-color has-text-color\" style=\"font-style:normal;font-weight:300;letter-spacing:1px\">Pour optimiser davantage les processus de votre laboratoire, explorez notre gamme diversifi\u00e9e de kits d\u2019extraction. Con\u00e7us pour diverses applications, notamment le diagnostic humain, le diagnostic v\u00e9t\u00e9rinaire, les \u00e9tudes environnementales, l\u2019alimentation et l\u2019agriculture, nos kits d\u2019extraction s\u2019int\u00e8grent parfaitement au syst\u00e8me miQron\u2122. Ensemble, ils forment un flux de travail complet et rapide, assurant une efficacit\u00e9, une pr\u00e9cision et une fiabilit\u00e9 \u00e9lev\u00e9es dans vos proc\u00e9dures d\u2019extraction des acides nucl\u00e9iques.<\/p>\n\n\n\n<div class=\"wp-block-buttons alignwide is-content-justification-center is-layout-flex wp-container-core-buttons-is-layout-a89b3969 wp-block-buttons-is-layout-flex\">\n<div class=\"wp-block-button is-style-fill\"><a class=\"wp-block-button__link has-background-color has-text-color wp-element-button\" href=\"https:\/\/galenvs.com\/fr\/kits-dextraction\/\" style=\"border-radius:100px\" target=\"_blank\" rel=\"noreferrer noopener\">Cliquez ici pour d\u00e9couvrir nos kits d\u2019extraction<\/a><\/div>\n<\/div>\n<\/div>\n\n<div class=\"wp-block-group alignwide has-surface-background-color has-background has-global-padding is-layout-constrained wp-container-core-group-is-layout-9eefc607 wp-block-group-is-layout-constrained\" style=\"margin-top:var(--wp--preset--spacing--small);padding-top:var(--wp--preset--spacing--medium);padding-bottom:var(--wp--preset--spacing--medium)\">\n<p class=\"has-text-align-center has-secondary-accent-text-color has-text-color\" style=\"font-style:normal;font-weight:300;letter-spacing:1px\">Consid\u00e9rez la prochaine \u00e9tape essentielle dans votre flux de travail en laboratoire : les amorces et sondes adapt\u00e9es \u00e0 vos besoins sp\u00e9cifiques et \u00e0 vos exigences uniques en mati\u00e8re de tests. <\/p>\n\n\n\n<div class=\"wp-block-buttons alignwide is-content-justification-center is-layout-flex wp-container-core-buttons-is-layout-a89b3969 wp-block-buttons-is-layout-flex\">\n<div class=\"wp-block-button is-style-fill\"><a class=\"wp-block-button__link has-background-color has-text-color wp-element-button\" href=\"https:\/\/galenvs.com\/fr\/amorces-et-sondes\/\" style=\"border-radius:100px\" target=\"_blank\" rel=\"noreferrer noopener\">Parlez-nous des amorces<\/a><\/div>\n<\/div>\n<\/div>\n","protected":false},"excerpt":{"rendered":"<p>L\u2019instrument de purification des acides nucl\u00e9iques miQron\u2122 est le syst\u00e8me automatis\u00e9 d\u2019extraction et de purification pour l\u2019ADN, de l\u2019ARN, les prot\u00e9ines et les cellules. Il peut absorber, transf\u00e9rer et lib\u00e9rer des billes magn\u00e9tiques \u00e0 l&rsquo;aide d&rsquo;une tige magn\u00e9tique et d&rsquo;un embout magn\u00e9tique pour s\u00e9parer les billes magn\u00e9tiques des \u00e9chantillons. L\u2019op\u00e9ration est automatique, rapide et simple. [&hellip;]<\/p>\n","protected":false},"author":1,"featured_media":2762,"parent":0,"menu_order":0,"comment_status":"closed","ping_status":"closed","template":"wp-custom-template-custom-page","meta":{"content-type":"","_uag_custom_page_level_css":"","footnotes":""},"class_list":["post-3856","page","type-page","status-publish","has-post-thumbnail","hentry"],"uagb_featured_image_src":{"full":["https:\/\/galenvs.com\/wp-content\/uploads\/2023\/09\/miQron.png",1900,500,false],"thumbnail":["https:\/\/galenvs.com\/wp-content\/uploads\/2023\/09\/miQron-150x150.png",150,150,true],"medium":["https:\/\/galenvs.com\/wp-content\/uploads\/2023\/09\/miQron-300x79.png",300,79,true],"medium_large":["https:\/\/galenvs.com\/wp-content\/uploads\/2023\/09\/miQron-768x202.png",768,202,true],"large":["https:\/\/galenvs.com\/wp-content\/uploads\/2023\/09\/miQron-1024x269.png",1024,269,true],"1536x1536":["https:\/\/galenvs.com\/wp-content\/uploads\/2023\/09\/miQron-1536x404.png",1536,404,true],"2048x2048":["https:\/\/galenvs.com\/wp-content\/uploads\/2023\/09\/miQron.png",1900,500,false]},"uagb_author_info":{"display_name":"galenvs","author_link":"https:\/\/galenvs.com\/fr\/author\/galenvs\/"},"uagb_comment_info":0,"uagb_excerpt":"L\u2019instrument de purification des acides nucl\u00e9iques miQron\u2122 est le syst\u00e8me automatis\u00e9 d\u2019extraction et de purification pour l\u2019ADN, de l\u2019ARN, les prot\u00e9ines et les cellules. Il peut absorber, transf\u00e9rer et lib\u00e9rer des billes magn\u00e9tiques \u00e0 l&rsquo;aide d&rsquo;une tige magn\u00e9tique et d&rsquo;un embout magn\u00e9tique pour s\u00e9parer les billes magn\u00e9tiques des \u00e9chantillons. L\u2019op\u00e9ration est automatique, rapide et simple.\u2026","_links":{"self":[{"href":"https:\/\/galenvs.com\/fr\/wp-json\/wp\/v2\/pages\/3856","targetHints":{"allow":["GET"]}}],"collection":[{"href":"https:\/\/galenvs.com\/fr\/wp-json\/wp\/v2\/pages"}],"about":[{"href":"https:\/\/galenvs.com\/fr\/wp-json\/wp\/v2\/types\/page"}],"author":[{"embeddable":true,"href":"https:\/\/galenvs.com\/fr\/wp-json\/wp\/v2\/users\/1"}],"replies":[{"embeddable":true,"href":"https:\/\/galenvs.com\/fr\/wp-json\/wp\/v2\/comments?post=3856"}],"version-history":[{"count":11,"href":"https:\/\/galenvs.com\/fr\/wp-json\/wp\/v2\/pages\/3856\/revisions"}],"predecessor-version":[{"id":4878,"href":"https:\/\/galenvs.com\/fr\/wp-json\/wp\/v2\/pages\/3856\/revisions\/4878"}],"wp:featuredmedia":[{"embeddable":true,"href":"https:\/\/galenvs.com\/fr\/wp-json\/wp\/v2\/media\/2762"}],"wp:attachment":[{"href":"https:\/\/galenvs.com\/fr\/wp-json\/wp\/v2\/media?parent=3856"}],"curies":[{"name":"wp","href":"https:\/\/api.w.org\/{rel}","templated":true}]}}