{"id":3849,"date":"2023-08-22T06:36:34","date_gmt":"2023-08-22T10:36:34","guid":{"rendered":"https:\/\/galenvs.com\/contactez-nous\/"},"modified":"2025-03-18T11:36:25","modified_gmt":"2025-03-18T15:36:25","slug":"contactez-nous","status":"publish","type":"page","link":"https:\/\/galenvs.com\/fr\/contactez-nous\/","title":{"rendered":"Contactez-nous"},"content":{"rendered":"\n<div class=\"wp-block-group alignfull inner-header m0 has-global-padding is-layout-constrained wp-block-group-is-layout-constrained\">\n<div class=\"wp-block-columns is-layout-flex wp-container-core-columns-is-layout-28f84493 wp-block-columns-is-layout-flex\">\n<div class=\"wp-block-column has-border-color has-outline-border-color is-layout-flow wp-block-column-is-layout-flow\" style=\"border-width:1px;margin-bottom:var(--wp--preset--spacing--small);padding-top:var(--wp--preset--spacing--small);padding-right:var(--wp--preset--spacing--x-small);padding-bottom:var(--wp--preset--spacing--small);padding-left:var(--wp--preset--spacing--x-small)\">\n<h2 class=\"wp-block-heading\">Nous appr\u00e9cions votre int\u00e9r\u00eat pour Galenvs<\/h2>\n\n\n\n<p>N&rsquo;h\u00e9sitez pas \u00e0 nous contacter.<\/p>\n\n\n\n<div class=\"wp-block-columns has-border-color has-outline-border-color is-layout-flex wp-container-core-columns-is-layout-346773ea wp-block-columns-is-layout-flex\" style=\"border-width:1px;margin-bottom:var(--wp--preset--spacing--small);padding-top:var(--wp--preset--spacing--small);padding-right:var(--wp--preset--spacing--x-small);padding-bottom:var(--wp--preset--spacing--small);padding-left:var(--wp--preset--spacing--x-small)\">\n<div class=\"wp-block-column is-layout-flow wp-block-column-is-layout-flow\" style=\"flex-basis:22%\">      \n\t\t\t<div class=\"uagb-icon-wrapper uagb-block-390c9a7f      \"\n\t\t\tstyle=\"\" >\n\t\t\t\t\t\t\t\t\t<span class=\"uagb-svg-wrapper\" \n\t\t\t\t\t aria-label=\"location-dot\"\t\t\t\t\ttabindex=\"0\">\t\t\n\t\t\t\t\t\t\t\t\t\t<svg xmlns=\"https:\/\/www.w3.org\/2000\/svg\" viewBox= \"0 0 384 512\" role=\"graphics-symbol\" aria-hidden=\"false\" aria-label=\"\"><path d=\"M168.3 499.2C116.1 435 0 279.4 0 192C0 85.96 85.96 0 192 0C298 0 384 85.96 384 192C384 279.4 267 435 215.7 499.2C203.4 514.5 180.6 514.5 168.3 499.2H168.3zM192 256C227.3 256 256 227.3 256 192C256 156.7 227.3 128 192 128C156.7 128 128 156.7 128 192C128 227.3 156.7 256 192 256z\"><\/path><\/svg>\n\t\t\t\t\t\t\t\t\t<\/span>\n\t\t\t\t\t\t\t<\/div>\n\t\t\t<\/div>\n\n\n\n<div class=\"wp-block-column is-vertically-aligned-center is-layout-flow wp-container-core-column-is-layout-c39a6912 wp-block-column-is-layout-flow\" style=\"flex-basis:66.66%\">\n<h6 class=\"wp-block-heading\" style=\"margin-top:0;margin-right:0;margin-bottom:0;margin-left:0\">Situation g\u00e9ographique<\/h6>\n\n\n\n<p class=\"has-small-font-size\" style=\"margin-bottom:0\">201-6750 Rue Hutchison, Montr\u00e9al, Qu\u00e9bec, Canada, H3N 1Y4<\/p>\n<\/div>\n<\/div>\n\n\n\n<div class=\"wp-block-columns has-border-color has-outline-border-color is-layout-flex wp-container-core-columns-is-layout-d7d71d22 wp-block-columns-is-layout-flex\" style=\"border-width:1px;padding-top:var(--wp--preset--spacing--small);padding-right:var(--wp--preset--spacing--x-small);padding-bottom:var(--wp--preset--spacing--small);padding-left:var(--wp--preset--spacing--x-small)\">\n<div class=\"wp-block-column is-layout-flow wp-block-column-is-layout-flow\" style=\"flex-basis:22%\">      \n\t\t\t<div class=\"uagb-icon-wrapper uagb-block-4b74aad0      \"\n\t\t\tstyle=\"\" >\n\t\t\t\t\t\t\t\t\t<span class=\"uagb-svg-wrapper\" \n\t\t\t\t\t aria-label=\"envelope\"\t\t\t\t\ttabindex=\"0\">\t\t\n\t\t\t\t\t\t\t\t\t\t<svg xmlns=\"https:\/\/www.w3.org\/2000\/svg\" viewBox= \"0 0 512 512\" role=\"graphics-symbol\" aria-hidden=\"false\" aria-label=\"\"><path d=\"M464 64C490.5 64 512 85.49 512 112C512 127.1 504.9 141.3 492.8 150.4L275.2 313.6C263.8 322.1 248.2 322.1 236.8 313.6L19.2 150.4C7.113 141.3 0 127.1 0 112C0 85.49 21.49 64 48 64H464zM217.6 339.2C240.4 356.3 271.6 356.3 294.4 339.2L512 176V384C512 419.3 483.3 448 448 448H64C28.65 448 0 419.3 0 384V176L217.6 339.2z\"><\/path><\/svg>\n\t\t\t\t\t\t\t\t\t<\/span>\n\t\t\t\t\t\t\t<\/div>\n\t\t\t<\/div>\n\n\n\n<div class=\"wp-block-column is-vertically-aligned-center is-layout-flow wp-container-core-column-is-layout-c39a6912 wp-block-column-is-layout-flow\" style=\"flex-basis:66.66%\">\n<h6 class=\"wp-block-heading\" style=\"margin-top:0;margin-right:0;margin-bottom:0;margin-left:0\">Courriel<\/h6>\n\n\n\n<p class=\"has-small-font-size\" style=\"margin-bottom:0\">contact@galenvs.com<\/p>\n<\/div>\n<\/div>\n<\/div>\n\n\n\n<div class=\"wp-block-column is-layout-flow wp-block-column-is-layout-flow\">\n<div class=\"wp-block-leadin-hubspot-form-block\">\n\t\t\t\t\t\t<script>\n\t\t\t\t\t\t\twindow.hsFormsOnReady = window.hsFormsOnReady || [];\n\t\t\t\t\t\t\twindow.hsFormsOnReady.push(()=>{\n\t\t\t\t\t\t\t\thbspt.forms.create({\n\t\t\t\t\t\t\t\t\tportalId: 5578838,\n\t\t\t\t\t\t\t\t\tformId: \"2504ade0-35a5-4f5e-9b47-c4e4c9ffbeff\",\n\t\t\t\t\t\t\t\t\ttarget: \"#hbspt-form-1777993165000-8175697015\",\n\t\t\t\t\t\t\t\t\tregion: \"na1\",\n\t\t\t\t\t\t\t\t\t\n\t\t\t\t\t\t\t})});\n\t\t\t\t\t\t<\/script>\n\t\t\t\t\t\t<div class=\"hbspt-form\" id=\"hbspt-form-1777993165000-8175697015\"><\/div><\/div>\n<\/div>\n<\/div>\n<\/div>\n\t\t\t<div \n\t\t\tclass=\"wp-block-uagb-google-map uagb-google-map__wrap uagb-block-b4af3b10     animated animated-fadeInUp\"\n\t\t\tstyle=\"\" >\n\t\t\t\t<embed\n\t\t\t\t\tclass=\"uagb-google-map__iframe\"\n\t\t\t\t\ttitle=\"Carte Google pour \"\n\t\t\t\t\tsrc=\"https:\/\/maps.google.com\/maps?q=6750%20Rue%20Hutchison%2C%20Montreal%2C%20Quebec&#038;z=15&#038;hl=en&#038;t=m&#038;output=embed&#038;iwloc=near\"\n\t\t\t\t\twidth=\"640\"\n\t\t\t\t\theight=\"300\"\n\t\t\t\t\tloading=\"lazy\"\n\t\t\t\t><\/embed>\n\t\t\t<\/div>\n\t\t\t","protected":false},"excerpt":{"rendered":"<p>Nous appr\u00e9cions votre int\u00e9r\u00eat pour Galenvs N&rsquo;h\u00e9sitez pas \u00e0 nous contacter. Situation g\u00e9ographique 201-6750 Rue Hutchison, Montr\u00e9al, Qu\u00e9bec, Canada, H3N 1Y4 Courriel contact@galenvs.com<\/p>\n","protected":false},"author":1,"featured_media":0,"parent":0,"menu_order":0,"comment_status":"closed","ping_status":"closed","template":"","meta":{"content-type":"","_uag_custom_page_level_css":"","footnotes":""},"class_list":["post-3849","page","type-page","status-publish","hentry"],"uagb_featured_image_src":{"full":false,"thumbnail":false,"medium":false,"medium_large":false,"large":false,"1536x1536":false,"2048x2048":false},"uagb_author_info":{"display_name":"galenvs","author_link":"https:\/\/galenvs.com\/fr\/author\/galenvs\/"},"uagb_comment_info":0,"uagb_excerpt":"Nous appr\u00e9cions votre int\u00e9r\u00eat pour Galenvs N&rsquo;h\u00e9sitez pas \u00e0 nous contacter. Situation g\u00e9ographique 201-6750 Rue Hutchison, Montr\u00e9al, Qu\u00e9bec, Canada, H3N 1Y4 Courriel contact@galenvs.com","_links":{"self":[{"href":"https:\/\/galenvs.com\/fr\/wp-json\/wp\/v2\/pages\/3849","targetHints":{"allow":["GET"]}}],"collection":[{"href":"https:\/\/galenvs.com\/fr\/wp-json\/wp\/v2\/pages"}],"about":[{"href":"https:\/\/galenvs.com\/fr\/wp-json\/wp\/v2\/types\/page"}],"author":[{"embeddable":true,"href":"https:\/\/galenvs.com\/fr\/wp-json\/wp\/v2\/users\/1"}],"replies":[{"embeddable":true,"href":"https:\/\/galenvs.com\/fr\/wp-json\/wp\/v2\/comments?post=3849"}],"version-history":[{"count":6,"href":"https:\/\/galenvs.com\/fr\/wp-json\/wp\/v2\/pages\/3849\/revisions"}],"predecessor-version":[{"id":4789,"href":"https:\/\/galenvs.com\/fr\/wp-json\/wp\/v2\/pages\/3849\/revisions\/4789"}],"wp:attachment":[{"href":"https:\/\/galenvs.com\/fr\/wp-json\/wp\/v2\/media?parent=3849"}],"curies":[{"name":"wp","href":"https:\/\/api.w.org\/{rel}","templated":true}]}}