{"id":3847,"date":"2023-08-20T19:48:55","date_gmt":"2023-08-20T19:48:55","guid":{"rendered":"https:\/\/galenvs.com\/carrieres\/"},"modified":"2025-03-18T11:52:55","modified_gmt":"2025-03-18T15:52:55","slug":"carrieres","status":"publish","type":"page","link":"https:\/\/galenvs.com\/fr\/carrieres\/","title":{"rendered":"Carri\u00e8res"},"content":{"rendered":"\n<div class=\"wp-block-cover alignfull wp-duotone-unset-1\"><span aria-hidden=\"true\" class=\"wp-block-cover__background has-background-dim\"><\/span><img loading=\"lazy\" decoding=\"async\" width=\"1200\" height=\"316\" src=\"https:\/\/galenvs.com\/wp-content\/uploads\/2023\/09\/Team-1200x316.png\" class=\"wp-block-cover__image-background wp-post-image\" alt=\"\" data-object-fit=\"cover\" srcset=\"https:\/\/galenvs.com\/wp-content\/uploads\/2023\/09\/Team-1200x316.png 1200w, https:\/\/galenvs.com\/wp-content\/uploads\/2023\/09\/Team-300x79.png 300w, https:\/\/galenvs.com\/wp-content\/uploads\/2023\/09\/Team-1024x269.png 1024w, https:\/\/galenvs.com\/wp-content\/uploads\/2023\/09\/Team-768x202.png 768w, https:\/\/galenvs.com\/wp-content\/uploads\/2023\/09\/Team-1536x404.png 1536w, https:\/\/galenvs.com\/wp-content\/uploads\/2023\/09\/Team.png 1900w\" sizes=\"auto, (max-width: 1200px) 100vw, 1200px\" \/><div class=\"wp-block-cover__inner-container has-global-padding is-layout-constrained wp-block-cover-is-layout-constrained\">\n<h1 class=\"wp-block-heading has-text-align-center\" style=\"letter-spacing:1px\">Carri\u00e8res<\/h1>\n<\/div><\/div>\n\n<div class=\"wp-block-group alignwide has-global-padding is-layout-constrained wp-block-group-is-layout-constrained\" style=\"margin-top:var(--wp--preset--spacing--medium)\">\n<h2 class=\"wp-block-heading has-text-align-center has-xxx-large-font-size\" style=\"font-style:normal;font-weight:300\">Nous sommes une \u00e9quipe en croissance, agile et polyvalente, pr\u00eate \u00e0 r\u00e9soudre les probl\u00e8mes.<\/h2>\n\n\n\n<p class=\"has-text-align-center has-secondary-accent-text-color has-text-color\" style=\"font-style:normal;font-weight:300;letter-spacing:1px\">Nous disposons de laboratoires enti\u00e8rement \u00e9quip\u00e9s, ce qui nous permet de g\u00e9rer et de r\u00e9aliser toute la cha\u00eene de d\u00e9veloppement, de la d\u00e9couverte initiale \u00e0 la mont\u00e9e en \u00e9chelle. Tous nos laboratoires sont situ\u00e9s dans une seule installation centrale. Cela offre \u00e0 notre \u00e9quipe un acc\u00e8s essentiel aux connaissances et aux id\u00e9es de chacun, ce qui contribue de mani\u00e8re significative \u00e0 l&rsquo;efficacit\u00e9 de nos produits et services ainsi qu&rsquo;\u00e0 leur rapidit\u00e9 de livraison.<\/p>\n<\/div>\n\n<div class=\"wp-block-group has-global-padding is-layout-constrained wp-container-core-group-is-layout-d9a56e97 wp-block-group-is-layout-constrained\" style=\"padding-top:var(--wp--preset--spacing--small);padding-bottom:var(--wp--preset--spacing--small)\">\n<div class=\"wp-block-columns are-vertically-aligned-top is-layout-flex wp-container-core-columns-is-layout-990514a2 wp-block-columns-is-layout-flex\" style=\"padding-right:var(--wp--preset--spacing--x-large);padding-left:var(--wp--preset--spacing--x-large)\">\n<div class=\"wp-block-column is-vertically-aligned-top is-style-bk-box-shadow-medium is-layout-flow wp-block-column-is-layout-flow\" style=\"padding-top:var(--wp--preset--spacing--medium);padding-right:var(--wp--preset--spacing--large);padding-bottom:var(--wp--preset--spacing--medium);padding-left:var(--wp--preset--spacing--large);flex-basis:50%\">\n<h2 class=\"wp-block-heading has-text-align-center has-secondary-color has-text-color has-link-color has-xx-large-font-size wp-elements-b7a182c056d0896bd8cc5a90cb68e63c\" style=\"border-style:none;border-width:0px;border-radius:0px;font-style:normal;font-weight:300;letter-spacing:1px\">Soutenir l\u2019\u00e9ducation et la recherche scientifiques<\/h2>\n\n\n\n<p class=\"has-text-align-center has-secondary-accent-text-color has-text-color has-link-color has-small-font-size wp-elements-e8c1dd63b771ad222e699a663ef19f04\" style=\"font-style:normal;font-weight:300\">Galenvs Sciences s\u2019engage \u00e0 favoriser une culture de mentorat et de formation pour les jeunes chercheurs, en encourageant l\u2019enthousiasme avec le d\u00e9veloppement de technologies ayant des implications r\u00e9elles, et la formation et le d\u00e9veloppement des affaires. Nous travaillons en \u00e9troite collaboration avec notre r\u00e9seau d\u2019universit\u00e9s et d\u2019\u00e9tablissements de recherche pour aider les chercheurs universitaires dipl\u00f4m\u00e9s \u00e0 d\u00e9velopper des technologies de pointe. Nous soutenons les \u00e9tudiants \u00e0 la ma\u00eetrise, au doctorat et au postdoctorat en facilitant l\u2019inscription au programme d\u2019\u00e9tudes sup\u00e9rieures industrielles et en soutenant leur recherche financi\u00e8rement et scientifiquement.<\/p>\n<\/div>\n\n\n\n<div class=\"wp-block-column is-vertically-aligned-top is-style-bk-box-shadow-medium is-layout-flow wp-block-column-is-layout-flow\" style=\"padding-top:var(--wp--preset--spacing--medium);padding-right:var(--wp--preset--spacing--large);padding-bottom:var(--wp--preset--spacing--medium);padding-left:var(--wp--preset--spacing--large);flex-basis:50%\">\n<h2 class=\"wp-block-heading has-text-align-center has-secondary-color has-text-color has-link-color has-xx-large-font-size wp-elements-d2a4cfc841814fa3fe26ed8bd530e01d\" style=\"border-style:none;border-width:0px;border-radius:0px;font-style:normal;font-weight:300;letter-spacing:1px\">\u00c9galit\u00e9 des chances en mati\u00e8re d\u2019emploi<\/h2>\n\n\n\n<p class=\"has-text-align-center has-secondary-accent-text-color has-text-color has-link-color has-small-font-size wp-elements-683ecf31eba2f0291e4d58e5ccaa911e\" style=\"font-style:normal;font-weight:300\">Galenvs Sciences adopte la diversit\u00e9 et l\u2019\u00e9galit\u00e9 des chances d\u2019une mani\u00e8re s\u00e9rieuse. Nous nous engageons \u00e0 constituer une \u00e9quipe repr\u00e9sentant une diversit\u00e9 de parcours, de perspectives et de comp\u00e9tences. Nous croyons que la diversit\u00e9 et l&rsquo;inclusion au sein de notre \u00e9quipe sont essentielles \u00e0 notre succ\u00e8s. Nous nous effor\u00e7ons donc de recruter, de d\u00e9velopper et de fid\u00e9liser les personnes les plus talentueuses issues d&rsquo;un vivier de candidats diversifi\u00e9.<\/p>\n<\/div>\n<\/div>\n<\/div>\n\n<div class=\"wp-block-group alignfull has-background-background-color has-background has-global-padding is-layout-constrained wp-block-group-is-layout-constrained\">\n<div class=\"wp-block-group alignwide mw700 mt0 mb0 has-global-padding is-layout-constrained wp-block-group-is-layout-constrained\">\n<div id=\"BambooHR\" data-domain=\"galenvs.bamboohr.com\" data-version=\"1.0.0\" data-departmentid=\"\"><\/div>\n<script src=\"https:\/\/galenvs.bamboohr.com\/js\/embed.js\" type=\"text\/javascript\" async=\"\" defer=\"defer\"><\/script>\n<\/div>\n<\/div>\n","protected":false},"excerpt":{"rendered":"<p>Nous sommes une \u00e9quipe en croissance, agile et polyvalente, pr\u00eate \u00e0 r\u00e9soudre les probl\u00e8mes. Nous disposons de laboratoires enti\u00e8rement \u00e9quip\u00e9s, ce qui nous permet de g\u00e9rer et de r\u00e9aliser toute la cha\u00eene de d\u00e9veloppement, de la d\u00e9couverte initiale \u00e0 la mont\u00e9e en \u00e9chelle. Tous nos laboratoires sont situ\u00e9s dans une seule installation centrale. Cela offre [&hellip;]<\/p>\n","protected":false},"author":1,"featured_media":2774,"parent":0,"menu_order":0,"comment_status":"closed","ping_status":"closed","template":"wp-custom-template-custom-page","meta":{"content-type":"","_uag_custom_page_level_css":"","footnotes":""},"class_list":["post-3847","page","type-page","status-publish","has-post-thumbnail","hentry"],"uagb_featured_image_src":{"full":["https:\/\/galenvs.com\/wp-content\/uploads\/2023\/09\/Team.png",1900,500,false],"thumbnail":["https:\/\/galenvs.com\/wp-content\/uploads\/2023\/09\/Team-150x150.png",150,150,true],"medium":["https:\/\/galenvs.com\/wp-content\/uploads\/2023\/09\/Team-300x79.png",300,79,true],"medium_large":["https:\/\/galenvs.com\/wp-content\/uploads\/2023\/09\/Team-768x202.png",768,202,true],"large":["https:\/\/galenvs.com\/wp-content\/uploads\/2023\/09\/Team-1024x269.png",1024,269,true],"1536x1536":["https:\/\/galenvs.com\/wp-content\/uploads\/2023\/09\/Team-1536x404.png",1536,404,true],"2048x2048":["https:\/\/galenvs.com\/wp-content\/uploads\/2023\/09\/Team.png",1900,500,false]},"uagb_author_info":{"display_name":"galenvs","author_link":"https:\/\/galenvs.com\/fr\/author\/galenvs\/"},"uagb_comment_info":0,"uagb_excerpt":"Nous sommes une \u00e9quipe en croissance, agile et polyvalente, pr\u00eate \u00e0 r\u00e9soudre les probl\u00e8mes. Nous disposons de laboratoires enti\u00e8rement \u00e9quip\u00e9s, ce qui nous permet de g\u00e9rer et de r\u00e9aliser toute la cha\u00eene de d\u00e9veloppement, de la d\u00e9couverte initiale \u00e0 la mont\u00e9e en \u00e9chelle. Tous nos laboratoires sont situ\u00e9s dans une seule installation centrale. Cela offre\u2026","_links":{"self":[{"href":"https:\/\/galenvs.com\/fr\/wp-json\/wp\/v2\/pages\/3847","targetHints":{"allow":["GET"]}}],"collection":[{"href":"https:\/\/galenvs.com\/fr\/wp-json\/wp\/v2\/pages"}],"about":[{"href":"https:\/\/galenvs.com\/fr\/wp-json\/wp\/v2\/types\/page"}],"author":[{"embeddable":true,"href":"https:\/\/galenvs.com\/fr\/wp-json\/wp\/v2\/users\/1"}],"replies":[{"embeddable":true,"href":"https:\/\/galenvs.com\/fr\/wp-json\/wp\/v2\/comments?post=3847"}],"version-history":[{"count":7,"href":"https:\/\/galenvs.com\/fr\/wp-json\/wp\/v2\/pages\/3847\/revisions"}],"predecessor-version":[{"id":4792,"href":"https:\/\/galenvs.com\/fr\/wp-json\/wp\/v2\/pages\/3847\/revisions\/4792"}],"wp:featuredmedia":[{"embeddable":true,"href":"https:\/\/galenvs.com\/fr\/wp-json\/wp\/v2\/media\/2774"}],"wp:attachment":[{"href":"https:\/\/galenvs.com\/fr\/wp-json\/wp\/v2\/media?parent=3847"}],"curies":[{"name":"wp","href":"https:\/\/api.w.org\/{rel}","templated":true}]}}