{"id":357,"date":"2023-08-11T13:25:49","date_gmt":"2023-08-11T13:25:49","guid":{"rendered":"https:\/\/galenvs.com\/articles-de-presse\/"},"modified":"2023-08-13T08:06:14","modified_gmt":"2023-08-13T08:06:14","slug":"articles-de-presse","status":"publish","type":"page","link":"https:\/\/galenvs.com\/fr\/articles-de-presse\/","title":{"rendered":"Articles de presse"},"content":{"rendered":"\n<div class=\"wp-block-group alignfull inner-header m0 has-global-padding is-layout-constrained wp-block-group-is-layout-constrained\">\n<div class=\"wp-block-cover alignfull is-light\"><span aria-hidden=\"true\" class=\"wp-block-cover__background has-background-dim\"><\/span><img loading=\"lazy\" decoding=\"async\" width=\"1440\" height=\"500\" class=\"wp-block-cover__image-background wp-image-201\" alt=\"\" src=\"https:\/\/galenvs.com\/wp-content\/uploads\/2023\/08\/News.jpg\" data-object-fit=\"cover\" srcset=\"https:\/\/galenvs.com\/wp-content\/uploads\/2023\/08\/News.jpg 1440w, https:\/\/galenvs.com\/wp-content\/uploads\/2023\/08\/News-300x104.jpg 300w, https:\/\/galenvs.com\/wp-content\/uploads\/2023\/08\/News-1024x356.jpg 1024w, https:\/\/galenvs.com\/wp-content\/uploads\/2023\/08\/News-768x267.jpg 768w, https:\/\/galenvs.com\/wp-content\/uploads\/2023\/08\/News-1200x417.jpg 1200w\" sizes=\"auto, (max-width: 1440px) 100vw, 1440px\" \/><div class=\"wp-block-cover__inner-container has-global-padding is-layout-constrained wp-block-cover-is-layout-constrained\"><h2 class=\"wp-block-post-title has-text-color has-background-color\">Articles de presse<\/h2><\/div><\/div>\n<\/div>\n\n<div class=\"wp-block-group alignwide article-loop has-global-padding is-layout-constrained wp-block-group-is-layout-constrained\">\n<div class=\"wp-block-query is-layout-flow wp-block-query-is-layout-flow\"><ul class=\"columns-3 wp-block-post-template is-layout-grid wp-container-core-post-template-is-layout-6d3fbd8f wp-block-post-template-is-layout-grid\"><li class=\"wp-block-post post-214 post type-post status-publish format-standard has-post-thumbnail hentry\">\n<figure class=\"wp-block-post-featured-image\"><a href=\"https:\/\/galenvs.com\/fr\/2023\/08\/11\/covid-19-ce-que-nous-savons-sur-le-nouveau-variant\/\" target=\"_self\"  ><img loading=\"lazy\" decoding=\"async\" width=\"960\" height=\"512\" src=\"https:\/\/galenvs.com\/wp-content\/uploads\/2023\/08\/virus-4937553_960_720-min.jpg\" class=\"attachment-post-thumbnail size-post-thumbnail wp-post-image\" alt=\"COVID-19 : ce que nous savons sur le nouveau variant\" style=\"object-fit:cover;\" srcset=\"https:\/\/galenvs.com\/wp-content\/uploads\/2023\/08\/virus-4937553_960_720-min.jpg 960w, https:\/\/galenvs.com\/wp-content\/uploads\/2023\/08\/virus-4937553_960_720-min-300x160.jpg 300w, https:\/\/galenvs.com\/wp-content\/uploads\/2023\/08\/virus-4937553_960_720-min-768x410.jpg 768w\" sizes=\"auto, (max-width: 960px) 100vw, 960px\" \/><\/a><\/figure>\n\n<div class=\"wp-block-post-date\"><time datetime=\"2023-08-11T14:24:59-04:00\">ao\u00fbt 11, 2023<\/time><\/div>\n\n<h4 class=\"wp-block-post-title\"><a href=\"https:\/\/galenvs.com\/fr\/2023\/08\/11\/covid-19-ce-que-nous-savons-sur-le-nouveau-variant\/\" target=\"_self\" >COVID-19 : ce que nous savons sur le nouveau variant<\/a><\/h4>\n\n<div class=\"wp-block-post-excerpt\"><p class=\"wp-block-post-excerpt__excerpt\">Le virus \u00e0 l\u2019origine de la COVID-19, le SRAS-CoV-2, est un type de coronavirus, une grande famille de virus portant ce nom en raison des pointes \u00e0 leur surface faisant\u2026 <\/p><\/div>\n<\/li><li class=\"wp-block-post post-226 post type-post status-publish format-standard has-post-thumbnail hentry\">\n<figure class=\"wp-block-post-featured-image\"><a href=\"https:\/\/galenvs.com\/fr\/2023\/03\/13\/unraveling-the-potential-of-oligonucleotides\/\" target=\"_self\"  ><img loading=\"lazy\" decoding=\"async\" width=\"957\" height=\"397\" src=\"https:\/\/galenvs.com\/wp-content\/uploads\/2023\/08\/Oligonucleotides.jpg\" class=\"attachment-post-thumbnail size-post-thumbnail wp-post-image\" alt=\"D\u00e9couvrir le potentiel des oligonucl\u00e9otides\" style=\"object-fit:cover;\" srcset=\"https:\/\/galenvs.com\/wp-content\/uploads\/2023\/08\/Oligonucleotides.jpg 957w, https:\/\/galenvs.com\/wp-content\/uploads\/2023\/08\/Oligonucleotides-300x124.jpg 300w, https:\/\/galenvs.com\/wp-content\/uploads\/2023\/08\/Oligonucleotides-768x319.jpg 768w\" sizes=\"auto, (max-width: 957px) 100vw, 957px\" \/><\/a><\/figure>\n\n<div class=\"wp-block-post-date\"><time datetime=\"2023-03-13T15:34:09-04:00\">mars 13, 2023<\/time><\/div>\n\n<h4 class=\"wp-block-post-title\"><a href=\"https:\/\/galenvs.com\/fr\/2023\/03\/13\/unraveling-the-potential-of-oligonucleotides\/\" target=\"_self\" >D\u00e9couvrir le potentiel des oligonucl\u00e9otides<\/a><\/h4>\n\n<div class=\"wp-block-post-excerpt\"><p class=\"wp-block-post-excerpt__excerpt\">Faire progresser la recherche, les diagnostics et la th\u00e9rapeutique Les oligonucl\u00e9otides sont de courtes cha\u00eenes d&rsquo;acides nucl\u00e9iques qui sont largement utilis\u00e9es dans une vari\u00e9t\u00e9 d&rsquo;applications, y compris la recherche, le\u2026 <\/p><\/div>\n<\/li><li class=\"wp-block-post post-347 post type-post status-publish format-standard has-post-thumbnail hentry\">\n<figure class=\"wp-block-post-featured-image\"><a href=\"https:\/\/galenvs.com\/fr\/2023\/03\/07\/moving-from-column-to-bead-based-nucleic-acid-isolation\/\" target=\"_self\"  ><img loading=\"lazy\" decoding=\"async\" width=\"1111\" height=\"600\" src=\"https:\/\/galenvs.com\/wp-content\/uploads\/2023\/08\/Magnetic-based-nucleic-acid-extraction-21-min.jpg\" class=\"attachment-post-thumbnail size-post-thumbnail wp-post-image\" alt=\"Passer de la colonne \u00e0 l&rsquo;isolement des acides nucl\u00e9iques \u00e0 base de billes\" style=\"object-fit:cover;\" srcset=\"https:\/\/galenvs.com\/wp-content\/uploads\/2023\/08\/Magnetic-based-nucleic-acid-extraction-21-min.jpg 1111w, https:\/\/galenvs.com\/wp-content\/uploads\/2023\/08\/Magnetic-based-nucleic-acid-extraction-21-min-300x162.jpg 300w, https:\/\/galenvs.com\/wp-content\/uploads\/2023\/08\/Magnetic-based-nucleic-acid-extraction-21-min-1024x553.jpg 1024w, https:\/\/galenvs.com\/wp-content\/uploads\/2023\/08\/Magnetic-based-nucleic-acid-extraction-21-min-768x415.jpg 768w\" sizes=\"auto, (max-width: 1111px) 100vw, 1111px\" \/><\/a><\/figure>\n\n<div class=\"wp-block-post-date\"><time datetime=\"2023-03-07T11:32:51-05:00\">mars 7, 2023<\/time><\/div>\n\n<h4 class=\"wp-block-post-title\"><a href=\"https:\/\/galenvs.com\/fr\/2023\/03\/07\/moving-from-column-to-bead-based-nucleic-acid-isolation\/\" target=\"_self\" >Passer de la colonne \u00e0 l&rsquo;isolement des acides nucl\u00e9iques \u00e0 base de billes<\/a><\/h4>\n\n<div class=\"wp-block-post-excerpt\"><p class=\"wp-block-post-excerpt__excerpt\">Puret\u00e9, efficacit\u00e9 et polyvalence Nucleic acid isolation is an essential step in molecular biology and genetic research. It involves extracting and purifying DNA or RNA from a sample of interest.\u2026 <\/p><\/div>\n<\/li><li class=\"wp-block-post post-237 post type-post status-publish format-standard hentry category-non-classifiee\">\n\n\n<div class=\"wp-block-post-date\"><time datetime=\"2023-01-31T16:20:42-05:00\">janvier 31, 2023<\/time><\/div>\n\n<h4 class=\"wp-block-post-title\"><a href=\"https:\/\/galenvs.com\/fr\/2023\/01\/31\/unlocking-the-power-of-metagenomics-in-veterinary-medicine\/\" target=\"_self\" >Lib\u00e9rer la puissance de la m\u00e9tag\u00e9nomique en m\u00e9decine v\u00e9t\u00e9rinaire<\/a><\/h4>\n\n<div class=\"wp-block-post-excerpt\"><p class=\"wp-block-post-excerpt__excerpt\">etagenomic sequencing is a powerful method for studying the microbiomes of animals. By sequencing the DNA of microorganisms present in various body sites, such as the gut or respiratory tract,\u2026 <\/p><\/div>\n<\/li><li class=\"wp-block-post post-345 post type-post status-publish format-standard has-post-thumbnail hentry\">\n<figure class=\"wp-block-post-featured-image\"><a href=\"https:\/\/galenvs.com\/fr\/2023\/01\/09\/detection-of-vaccine-derived-polio-virus-in-canadian-wastewater-samples-2\/\" target=\"_self\"  ><img loading=\"lazy\" decoding=\"async\" width=\"1000\" height=\"549\" src=\"https:\/\/galenvs.com\/wp-content\/uploads\/2023\/08\/Wastewater-testing-1.jpg\" class=\"attachment-post-thumbnail size-post-thumbnail wp-post-image\" alt=\"D\u00e9tection du virus de la polio d\u00e9riv\u00e9 d\u2019un vaccin dans des \u00e9chantillons d\u2019eaux us\u00e9es au Canada\" style=\"object-fit:cover;\" srcset=\"https:\/\/galenvs.com\/wp-content\/uploads\/2023\/08\/Wastewater-testing-1.jpg 1000w, https:\/\/galenvs.com\/wp-content\/uploads\/2023\/08\/Wastewater-testing-1-300x165.jpg 300w, https:\/\/galenvs.com\/wp-content\/uploads\/2023\/08\/Wastewater-testing-1-768x422.jpg 768w\" sizes=\"auto, (max-width: 1000px) 100vw, 1000px\" \/><\/a><\/figure>\n\n<div class=\"wp-block-post-date\"><time datetime=\"2023-01-09T08:13:37-05:00\">janvier 9, 2023<\/time><\/div>\n\n<h4 class=\"wp-block-post-title\"><a href=\"https:\/\/galenvs.com\/fr\/2023\/01\/09\/detection-of-vaccine-derived-polio-virus-in-canadian-wastewater-samples-2\/\" target=\"_self\" >D\u00e9tection du virus de la polio d\u00e9riv\u00e9 d\u2019un vaccin dans des \u00e9chantillons d\u2019eaux us\u00e9es au Canada<\/a><\/h4>\n\n<div class=\"wp-block-post-excerpt\"><p class=\"wp-block-post-excerpt__excerpt\">Suite \u00e0 l\u2019annonce en ao\u00fbt 2022 par le D\u00e9partement de la sant\u00e9 de l\u2019\u00c9tat de New York de la d\u00e9tection du&nbsp;poliovirus&nbsp;circulant&nbsp;d\u00e9riv\u00e9&nbsp;d\u2019une souche vaccinale de&nbsp;type 2 (PVDVc2) dans quatre \u00e9chantillons d\u2019eaux\u2026 <\/p><\/div>\n<\/li><li class=\"wp-block-post post-241 post type-post status-publish format-standard has-post-thumbnail hentry\">\n<figure class=\"wp-block-post-featured-image\"><a href=\"https:\/\/galenvs.com\/fr\/2023\/01\/06\/why-it-is-essential-to-detect-veterinary-pathogens-as-quickly-and-accurately-as-possible\/\" target=\"_self\"  ><img loading=\"lazy\" decoding=\"async\" width=\"1200\" height=\"675\" src=\"https:\/\/galenvs.com\/wp-content\/uploads\/2023\/08\/Galenvs-Vetenirary-Pathogens-Blog-image-2-1-1200x675-1.jpg\" class=\"attachment-post-thumbnail size-post-thumbnail wp-post-image\" alt=\"Pourquoi il est essentiel de d\u00e9tecter les agents pathog\u00e8nes v\u00e9t\u00e9rinaires aussi rapidement et pr\u00e9cis\u00e9ment que possible\" style=\"object-fit:cover;\" srcset=\"https:\/\/galenvs.com\/wp-content\/uploads\/2023\/08\/Galenvs-Vetenirary-Pathogens-Blog-image-2-1-1200x675-1.jpg 1200w, https:\/\/galenvs.com\/wp-content\/uploads\/2023\/08\/Galenvs-Vetenirary-Pathogens-Blog-image-2-1-1200x675-1-300x169.jpg 300w, https:\/\/galenvs.com\/wp-content\/uploads\/2023\/08\/Galenvs-Vetenirary-Pathogens-Blog-image-2-1-1200x675-1-1024x576.jpg 1024w, https:\/\/galenvs.com\/wp-content\/uploads\/2023\/08\/Galenvs-Vetenirary-Pathogens-Blog-image-2-1-1200x675-1-768x432.jpg 768w\" sizes=\"auto, (max-width: 1200px) 100vw, 1200px\" \/><\/a><\/figure>\n\n<div class=\"wp-block-post-date\"><time datetime=\"2023-01-06T08:13:37-05:00\">janvier 6, 2023<\/time><\/div>\n\n<h4 class=\"wp-block-post-title\"><a href=\"https:\/\/galenvs.com\/fr\/2023\/01\/06\/why-it-is-essential-to-detect-veterinary-pathogens-as-quickly-and-accurately-as-possible\/\" target=\"_self\" >Pourquoi il est essentiel de d\u00e9tecter les agents pathog\u00e8nes v\u00e9t\u00e9rinaires aussi rapidement et pr\u00e9cis\u00e9ment que possible<\/a><\/h4>\n\n<div class=\"wp-block-post-excerpt\"><p class=\"wp-block-post-excerpt__excerpt\">La d\u00e9tection et le diagnostic des agents pathog\u00e8nes animaux dans l&rsquo;industrie v\u00e9t\u00e9rinaire est un aspect essentiel des soins aux animaux. Qu&rsquo;il s&rsquo;agisse d&rsquo;une simple infection respiratoire ou d&rsquo;une maladie plus\u2026 <\/p><\/div>\n<\/li><li class=\"wp-block-post post-229 post type-post status-publish format-standard has-post-thumbnail hentry\">\n<figure class=\"wp-block-post-featured-image\"><a href=\"https:\/\/galenvs.com\/fr\/2022\/02\/22\/antimicrobial-resistance-in-the-animal-industry\/\" target=\"_self\"  ><img loading=\"lazy\" decoding=\"async\" width=\"1000\" height=\"667\" src=\"https:\/\/galenvs.com\/wp-content\/uploads\/2023\/08\/Antimicrobial-Suceptibility.jpg\" class=\"attachment-post-thumbnail size-post-thumbnail wp-post-image\" alt=\"La r\u00e9sistance aux antimicrobiens dans l\u2019industrie animale\" style=\"object-fit:cover;\" srcset=\"https:\/\/galenvs.com\/wp-content\/uploads\/2023\/08\/Antimicrobial-Suceptibility.jpg 1000w, https:\/\/galenvs.com\/wp-content\/uploads\/2023\/08\/Antimicrobial-Suceptibility-300x200.jpg 300w, https:\/\/galenvs.com\/wp-content\/uploads\/2023\/08\/Antimicrobial-Suceptibility-768x512.jpg 768w\" sizes=\"auto, (max-width: 1000px) 100vw, 1000px\" \/><\/a><\/figure>\n\n<div class=\"wp-block-post-date\"><time datetime=\"2022-02-22T15:36:06-05:00\">f\u00e9vrier 22, 2022<\/time><\/div>\n\n<h4 class=\"wp-block-post-title\"><a href=\"https:\/\/galenvs.com\/fr\/2022\/02\/22\/antimicrobial-resistance-in-the-animal-industry\/\" target=\"_self\" >La r\u00e9sistance aux antimicrobiens dans l\u2019industrie animale<\/a><\/h4>\n\n<div class=\"wp-block-post-excerpt\"><p class=\"wp-block-post-excerpt__excerpt\">Comprendre le probl\u00e8me et explorer les solutions La r\u00e9sistance aux antimicrobiens (RAM) est une menace mondiale pour la sant\u00e9 et le bien-\u00eatre des animaux, ainsi que pour la s\u00e9curit\u00e9 alimentaire.\u2026 <\/p><\/div>\n<\/li><li class=\"wp-block-post post-245 post type-post status-publish format-standard has-post-thumbnail hentry\">\n<figure class=\"wp-block-post-featured-image\"><a href=\"https:\/\/galenvs.com\/fr\/2021\/07\/29\/introduction-exosomes-isolation\/\" target=\"_self\"  ><img loading=\"lazy\" decoding=\"async\" width=\"600\" height=\"450\" src=\"https:\/\/galenvs.com\/wp-content\/uploads\/2023\/08\/1920_shutterstock-1251265939-957092-600x450-1.jpg\" class=\"attachment-post-thumbnail size-post-thumbnail wp-post-image\" alt=\"Introduction Isolement des exosomes\" style=\"object-fit:cover;\" srcset=\"https:\/\/galenvs.com\/wp-content\/uploads\/2023\/08\/1920_shutterstock-1251265939-957092-600x450-1.jpg 600w, https:\/\/galenvs.com\/wp-content\/uploads\/2023\/08\/1920_shutterstock-1251265939-957092-600x450-1-300x225.jpg 300w\" sizes=\"auto, (max-width: 600px) 100vw, 600px\" \/><\/a><\/figure>\n\n<div class=\"wp-block-post-date\"><time datetime=\"2021-07-29T17:10:59-04:00\">juillet 29, 2021<\/time><\/div>\n\n<h4 class=\"wp-block-post-title\"><a href=\"https:\/\/galenvs.com\/fr\/2021\/07\/29\/introduction-exosomes-isolation\/\" target=\"_self\" >Introduction Isolement des exosomes<\/a><\/h4>\n\n<div class=\"wp-block-post-excerpt\"><p class=\"wp-block-post-excerpt__excerpt\">Que sont les Exosomes ?Les exosomes sont des v\u00e9sicules extracellulaires qui contiennent plusieurs composants cellulaires, notamment des prot\u00e9ines, de l&rsquo;ADN et de l&rsquo;ARN. La fusion de la membrane plasmique avec\u2026 <\/p><\/div>\n<\/li><li class=\"wp-block-post post-251 post type-post status-publish format-standard has-post-thumbnail hentry\">\n<figure class=\"wp-block-post-featured-image\"><a href=\"https:\/\/galenvs.com\/fr\/2021\/06\/25\/magnetofection-how-to-deliver-nucleic-acids-into-eukaryotic-cells\/\" target=\"_self\"  ><img loading=\"lazy\" decoding=\"async\" width=\"612\" height=\"367\" src=\"https:\/\/galenvs.com\/wp-content\/uploads\/2023\/08\/istockphoto-1179117607-612x612-1.jpg\" class=\"attachment-post-thumbnail size-post-thumbnail wp-post-image\" alt=\"La magn\u00e9tofection\u00a0: Comment d\u00e9livrer des acides nucl\u00e9iques au sein des cellules eucaryotes\" style=\"object-fit:cover;\" srcset=\"https:\/\/galenvs.com\/wp-content\/uploads\/2023\/08\/istockphoto-1179117607-612x612-1.jpg 612w, https:\/\/galenvs.com\/wp-content\/uploads\/2023\/08\/istockphoto-1179117607-612x612-1-300x180.jpg 300w\" sizes=\"auto, (max-width: 612px) 100vw, 612px\" \/><\/a><\/figure>\n\n<div class=\"wp-block-post-date\"><time datetime=\"2021-06-25T17:14:49-04:00\">juin 25, 2021<\/time><\/div>\n\n<h4 class=\"wp-block-post-title\"><a href=\"https:\/\/galenvs.com\/fr\/2021\/06\/25\/magnetofection-how-to-deliver-nucleic-acids-into-eukaryotic-cells\/\" target=\"_self\" >La magn\u00e9tofection\u00a0: Comment d\u00e9livrer des acides nucl\u00e9iques au sein des cellules eucaryotes<\/a><\/h4>\n\n<div class=\"wp-block-post-excerpt\"><p class=\"wp-block-post-excerpt__excerpt\">La magn\u00e9tofection, \u00e9galement connue sous le nom de transfection magn\u00e9tique, est une proc\u00e9dure dans laquelle l\u2019acide nucl\u00e9ique est li\u00e9 aux&nbsp;nanoparticules magn\u00e9tiques (MNP)&nbsp;suivies de leur livraison dans les cellules eucaryotes par\u2026 <\/p><\/div>\n<\/li><\/ul>\n\n<nav class=\"wp-block-query-pagination is-layout-flex wp-block-query-pagination-is-layout-flex\" aria-label=\"Pagination\">\n\n\n<div class=\"wp-block-query-pagination-numbers\"><span aria-current=\"page\" class=\"page-numbers current\">1<\/span>\n<a class=\"page-numbers\" href=\"?query-4-page=2\">2<\/a>\n<a class=\"page-numbers\" href=\"?query-4-page=3\">3<\/a><\/div>\n\n<a href=\"\/fr\/wp-json\/wp\/v2\/pages\/357?query-4-page=2\" class=\"wp-block-query-pagination-next\">Page suivante<\/a>\n<\/nav>\n\n<\/div>\n<\/div>\n","protected":false},"excerpt":{"rendered":"","protected":false},"author":1,"featured_media":2764,"parent":0,"menu_order":0,"comment_status":"closed","ping_status":"closed","template":"wp-custom-template-custom-page","meta":{"content-type":"","_uag_custom_page_level_css":"","footnotes":""},"class_list":["post-357","page","type-page","status-publish","has-post-thumbnail","hentry"],"uagb_featured_image_src":{"full":["https:\/\/galenvs.com\/wp-content\/uploads\/2023\/09\/news-articles.png",1900,500,false],"thumbnail":["https:\/\/galenvs.com\/wp-content\/uploads\/2023\/09\/news-articles-150x150.png",150,150,true],"medium":["https:\/\/galenvs.com\/wp-content\/uploads\/2023\/09\/news-articles-300x79.png",300,79,true],"medium_large":["https:\/\/galenvs.com\/wp-content\/uploads\/2023\/09\/news-articles-768x202.png",768,202,true],"large":["https:\/\/galenvs.com\/wp-content\/uploads\/2023\/09\/news-articles-1024x269.png",1024,269,true],"1536x1536":["https:\/\/galenvs.com\/wp-content\/uploads\/2023\/09\/news-articles-1536x404.png",1536,404,true],"2048x2048":["https:\/\/galenvs.com\/wp-content\/uploads\/2023\/09\/news-articles.png",1900,500,false]},"uagb_author_info":{"display_name":"galenvs","author_link":"https:\/\/galenvs.com\/fr\/author\/galenvs\/"},"uagb_comment_info":0,"uagb_excerpt":null,"_links":{"self":[{"href":"https:\/\/galenvs.com\/fr\/wp-json\/wp\/v2\/pages\/357","targetHints":{"allow":["GET"]}}],"collection":[{"href":"https:\/\/galenvs.com\/fr\/wp-json\/wp\/v2\/pages"}],"about":[{"href":"https:\/\/galenvs.com\/fr\/wp-json\/wp\/v2\/types\/page"}],"author":[{"embeddable":true,"href":"https:\/\/galenvs.com\/fr\/wp-json\/wp\/v2\/users\/1"}],"replies":[{"embeddable":true,"href":"https:\/\/galenvs.com\/fr\/wp-json\/wp\/v2\/comments?post=357"}],"version-history":[{"count":1,"href":"https:\/\/galenvs.com\/fr\/wp-json\/wp\/v2\/pages\/357\/revisions"}],"predecessor-version":[{"id":358,"href":"https:\/\/galenvs.com\/fr\/wp-json\/wp\/v2\/pages\/357\/revisions\/358"}],"wp:featuredmedia":[{"embeddable":true,"href":"https:\/\/galenvs.com\/fr\/wp-json\/wp\/v2\/media\/2764"}],"wp:attachment":[{"href":"https:\/\/galenvs.com\/fr\/wp-json\/wp\/v2\/media?parent=357"}],"curies":[{"name":"wp","href":"https:\/\/api.w.org\/{rel}","templated":true}]}}